{"id":1235,"date":"2024-12-15T11:04:23","date_gmt":"2024-12-15T11:04:23","guid":{"rendered":"https:\/\/mallorcawatersports.com\/service\/"},"modified":"2025-11-20T16:33:36","modified_gmt":"2025-11-20T16:33:36","slug":"service","status":"publish","type":"page","link":"https:\/\/mallorcawatersports.com\/de\/service\/","title":{"rendered":"Service"},"content":{"rendered":"\t\t<div data-elementor-type=\"wp-page\" data-elementor-id=\"1235\" class=\"elementor elementor-1235 elementor-86\" data-elementor-post-type=\"page\">\n\t\t\t\t<div class=\"elementor-element elementor-element-34d76a7 e-con-full e-flex e-con e-parent\" data-id=\"34d76a7\" data-element_type=\"container\" data-settings=\"{&quot;background_background&quot;:&quot;classic&quot;}\">\n\t\t<div class=\"elementor-element elementor-element-32ae9e8 e-flex e-con-boxed e-con e-child\" data-id=\"32ae9e8\" data-element_type=\"container\" data-settings=\"{&quot;background_background&quot;:&quot;classic&quot;}\">\n\t\t\t\t\t<div class=\"e-con-inner\">\n\t\t\t\t<div class=\"elementor-element elementor-element-02f8c6a elementor-widget elementor-widget-spacer\" data-id=\"02f8c6a\" data-element_type=\"widget\" data-widget_type=\"spacer.default\">\n\t\t\t\t<div class=\"elementor-widget-container\">\n\t\t\t\t\t\t\t<div class=\"elementor-spacer\">\n\t\t\t<div class=\"elementor-spacer-inner\"><\/div>\n\t\t<\/div>\n\t\t\t\t\t\t<\/div>\n\t\t\t\t<\/div>\n\t\t\t\t<div class=\"elementor-element elementor-element-30a1cc0 elementor-widget elementor-widget-text-editor\" data-id=\"30a1cc0\" data-element_type=\"widget\" data-widget_type=\"text-editor.default\">\n\t\t\t\t<div class=\"elementor-widget-container\">\n\t\t\t\t\t\t\t\t\t<p style=\"text-align: center;\"><span style=\"color: #ffffff;\">Service<\/span><\/p>\n\t\t\t\t\t\t\t\t<\/div>\n\t\t\t\t<\/div>\n\t\t\t\t\t<\/div>\n\t\t\t\t<\/div>\n\t\t\t\t<\/div>\n\t\t<div class=\"elementor-element elementor-element-5c6a26f e-flex e-con-boxed e-con e-parent\" data-id=\"5c6a26f\" data-element_type=\"container\">\n\t\t\t\t\t<div class=\"e-con-inner\">\n\t\t\t\t<div class=\"elementor-element elementor-element-0b5b6fc elementor-widget elementor-widget-text-editor\" data-id=\"0b5b6fc\" data-element_type=\"widget\" data-widget_type=\"text-editor.default\">\n\t\t\t\t<div class=\"elementor-widget-container\">\n\t\t\t\t\t\t\t\t\t<h1 style=\"text-align: center;\">Alles, was du brauchst, an einem Ort<\/h1><p style=\"text-align: center;\"><a href=\"https:\/\/mallorcawatersports.com\/de\/service\/#wartung\">Wartung<\/a> &#8211; <a href=\"https:\/\/mallorcawatersports.com\/de\/service\/#personalisierung\">Personalisierung<\/a> &#8211; <a href=\"https:\/\/mallorcawatersports.com\/de\/service\/#lagerung\">Lagerung<\/a> &#8211; <a href=\"https:\/\/mallorcawatersports.com\/de\/service\/#reparaturen\">Reparaturen<\/a><\/p><p style=\"text-align: center;\">Bei Mallorca Watersports wissen wir, dass deine Wasserspielzeuge mehr sind als nur Ausr\u00fcstung \u2013 sie sind ein unverzichtbarer Teil deiner Abenteuer auf dem Wasser.<br \/>Deshalb bieten wir professionellen, zuverl\u00e4ssigen und individuell abgestimmten Service, damit deine Ausr\u00fcstung Saison f\u00fcr Saison in Bestform bleibt.<\/p><p style=\"text-align: center;\">Von der regelm\u00e4\u00dfigen Wartung bis zur Vorbereitung deiner Ausr\u00fcstung f\u00fcr den Winter \u2013 unser erfahrenes Team sorgt daf\u00fcr, dass deine Wasserspielzeuge stets in Bestform bleiben und die erwartete Leistung liefern.<br \/>Egal, ob du ein leidenschaftlicher Wassersportler oder ein saisonaler Nutzer bist \u2013 du kannst dich auf uns verlassen, um die Lebensdauer deiner Ausr\u00fcstung mit Pr\u00e4zision und Liebe zum Detail zu verl\u00e4ngern.<\/p><p style=\"text-align: center;\">Unsere Einrichtungen sind bestens ausgestattet, um alles abzudecken, was deine Wasserspielzeuge ben\u00f6tigen \u2013 von sicheren Lagerm\u00f6glichkeiten \u00fcber gr\u00fcndliche Inspektionen bis hin zu fachgerechten Reparaturen.<br \/>Mit unserem Engagement f\u00fcr Qualit\u00e4t und Kundenzufriedenheit kannst du beruhigt sein: Deine Ausr\u00fcstung befindet sich in den H\u00e4nden von Profis, die deine Leidenschaft f\u00fcr das Meer teilen.<\/p>\t\t\t\t\t\t\t\t<\/div>\n\t\t\t\t<\/div>\n\t\t\t\t\t<\/div>\n\t\t\t\t<\/div>\n\t\t<div class=\"elementor-element elementor-element-fda8c38 e-flex e-con-boxed e-con e-parent\" data-id=\"fda8c38\" data-element_type=\"container\" id=\"wartung\">\n\t\t\t\t\t<div class=\"e-con-inner\">\n\t\t\t\t<div class=\"elementor-element elementor-element-08afd2c elementor-widget elementor-widget-spacer\" data-id=\"08afd2c\" data-element_type=\"widget\" data-widget_type=\"spacer.default\">\n\t\t\t\t<div class=\"elementor-widget-container\">\n\t\t\t\t\t\t\t<div class=\"elementor-spacer\">\n\t\t\t<div class=\"elementor-spacer-inner\"><\/div>\n\t\t<\/div>\n\t\t\t\t\t\t<\/div>\n\t\t\t\t<\/div>\n\t\t\t\t\t<\/div>\n\t\t\t\t<\/div>\n\t\t<div class=\"elementor-element elementor-element-2b9e130 e-flex e-con-boxed e-con e-parent\" data-id=\"2b9e130\" data-element_type=\"container\" data-settings=\"{&quot;background_background&quot;:&quot;classic&quot;}\">\n\t\t\t\t\t<div class=\"e-con-inner\">\n\t\t<div class=\"elementor-element elementor-element-43cded9 e-con-full e-flex e-con e-child\" data-id=\"43cded9\" data-element_type=\"container\" data-settings=\"{&quot;background_background&quot;:&quot;classic&quot;}\">\n\t\t\t\t<div class=\"elementor-element elementor-element-68c2b20 elementor-widget elementor-widget-spacer\" data-id=\"68c2b20\" data-element_type=\"widget\" data-widget_type=\"spacer.default\">\n\t\t\t\t<div class=\"elementor-widget-container\">\n\t\t\t\t\t\t\t<div class=\"elementor-spacer\">\n\t\t\t<div class=\"elementor-spacer-inner\"><\/div>\n\t\t<\/div>\n\t\t\t\t\t\t<\/div>\n\t\t\t\t<\/div>\n\t\t\t\t<\/div>\n\t\t<div class=\"elementor-element elementor-element-24eb521 e-con-full e-flex e-con e-child\" data-id=\"24eb521\" data-element_type=\"container\" data-settings=\"{&quot;background_background&quot;:&quot;classic&quot;}\">\n\t\t\t\t<div class=\"elementor-element elementor-element-52260c3 elementor-widget elementor-widget-text-editor\" data-id=\"52260c3\" data-element_type=\"widget\" data-widget_type=\"text-editor.default\">\n\t\t\t\t<div class=\"elementor-widget-container\">\n\t\t\t\t\t\t\t\t\t<h2>Wartung<\/h2><p>Halte deine Wasserspielzeuge mit unserem professionellen Wartungsservice bei Mallorca Watersports in Bestform.<br \/>Unser erfahrenes Team sorgt daf\u00fcr, dass deine Ausr\u00fcstung \u2013 ob eFoil, Jetsurf, Seabob oder anderes Equipment \u2013 die Pflege erh\u00e4lt, die sie verdient.<\/p><p>Wir f\u00fchren gr\u00fcndliche Inspektionen, Feinabstimmungen und pr\u00e4ventive Wartungsarbeiten durch, um optimale Leistung und eine lange Lebensdauer deiner Ausr\u00fcstung zu gew\u00e4hrleisten.<br \/>Dank unserer Liebe zum Detail und unserem Fachwissen sind deine Wasserspielzeuge immer bereit f\u00fcr das n\u00e4chste Abenteuer.<\/p>\t\t\t\t\t\t\t\t<\/div>\n\t\t\t\t<\/div>\n\t\t\t\t<div class=\"elementor-element elementor-element-308d628 elementor-align-left elementor-mobile-align-center elementor-widget elementor-widget-button\" data-id=\"308d628\" data-element_type=\"widget\" data-widget_type=\"button.default\">\n\t\t\t\t<div class=\"elementor-widget-container\">\n\t\t\t\t\t\t\t\t\t<div class=\"elementor-button-wrapper\">\n\t\t\t\t\t<a class=\"elementor-button elementor-button-link elementor-size-sm\" href=\"https:\/\/mallorcawatersports.com\/de\/kontakt\/\">\n\t\t\t\t\t\t<span class=\"elementor-button-content-wrapper\">\n\t\t\t\t\t\t\t\t\t<span class=\"elementor-button-text\">Kontaktiere uns<\/span>\n\t\t\t\t\t<\/span>\n\t\t\t\t\t<\/a>\n\t\t\t\t<\/div>\n\t\t\t\t\t\t\t\t<\/div>\n\t\t\t\t<\/div>\n\t\t\t\t<\/div>\n\t\t\t\t\t<\/div>\n\t\t\t\t<\/div>\n\t\t<div class=\"elementor-element elementor-element-b8000ef e-flex e-con-boxed e-con e-parent\" data-id=\"b8000ef\" data-element_type=\"container\" id=\"personalisierung\">\n\t\t\t\t\t<div class=\"e-con-inner\">\n\t\t\t\t<div class=\"elementor-element elementor-element-800469a elementor-widget elementor-widget-spacer\" data-id=\"800469a\" data-element_type=\"widget\" data-widget_type=\"spacer.default\">\n\t\t\t\t<div class=\"elementor-widget-container\">\n\t\t\t\t\t\t\t<div class=\"elementor-spacer\">\n\t\t\t<div class=\"elementor-spacer-inner\"><\/div>\n\t\t<\/div>\n\t\t\t\t\t\t<\/div>\n\t\t\t\t<\/div>\n\t\t\t\t\t<\/div>\n\t\t\t\t<\/div>\n\t\t<div class=\"elementor-element elementor-element-7b7402a e-flex e-con-boxed e-con e-parent\" data-id=\"7b7402a\" data-element_type=\"container\" data-settings=\"{&quot;background_background&quot;:&quot;classic&quot;}\">\n\t\t\t\t\t<div class=\"e-con-inner\">\n\t\t<div class=\"elementor-element elementor-element-cb34aa6 e-con-full e-flex e-con e-child\" data-id=\"cb34aa6\" data-element_type=\"container\">\n\t\t\t\t<div class=\"elementor-element elementor-element-303abb0 elementor-widget elementor-widget-text-editor\" data-id=\"303abb0\" data-element_type=\"widget\" data-widget_type=\"text-editor.default\">\n\t\t\t\t<div class=\"elementor-widget-container\">\n\t\t\t\t\t\t\t\t\t<h2 data-start=\"100\" data-end=\"124\"><strong data-start=\"104\" data-end=\"124\">Personalisierung<\/strong><\/h2><p data-start=\"126\" data-end=\"384\">Verbessern Sie Ihr Erlebnis mit unserem neuen <strong data-start=\"172\" data-end=\"200\">Personalisierungsservice<\/strong>. Bei Mallorca Watersports bieten wir hochwertige Lackierungen, exklusive Oberfl\u00e4chen und individuelle Details f\u00fcr Ihr eFoil, Ihren Seabob, Ihr Awake Board und Ihre Premium-Water Toys.<\/p><p data-start=\"386\" data-end=\"596\">Sie k\u00f6nnen sogar das <strong data-start=\"407\" data-end=\"428\">Logo Ihres Bootes<\/strong> oder Ihr eigenes Branding hinzuf\u00fcgen und so ein einzigartiges St\u00fcck schaffen, das Ihren Stil mit luxuri\u00f6ser Handwerkskunst und h\u00f6chster Liebe zum Detail widerspiegelt.<\/p>\t\t\t\t\t\t\t\t<\/div>\n\t\t\t\t<\/div>\n\t\t\t\t<div class=\"elementor-element elementor-element-18aa41c elementor-align-left elementor-mobile-align-center elementor-widget elementor-widget-button\" data-id=\"18aa41c\" data-element_type=\"widget\" data-widget_type=\"button.default\">\n\t\t\t\t<div class=\"elementor-widget-container\">\n\t\t\t\t\t\t\t\t\t<div class=\"elementor-button-wrapper\">\n\t\t\t\t\t<a class=\"elementor-button elementor-button-link elementor-size-sm\" href=\"https:\/\/mallorcawatersports.com\/de\/kontakt\/\">\n\t\t\t\t\t\t<span class=\"elementor-button-content-wrapper\">\n\t\t\t\t\t\t\t\t\t<span class=\"elementor-button-text\">Kontaktiere uns<\/span>\n\t\t\t\t\t<\/span>\n\t\t\t\t\t<\/a>\n\t\t\t\t<\/div>\n\t\t\t\t\t\t\t\t<\/div>\n\t\t\t\t<\/div>\n\t\t\t\t<\/div>\n\t\t<div class=\"elementor-element elementor-element-37b6e23 e-con-full e-flex e-con e-child\" data-id=\"37b6e23\" data-element_type=\"container\" data-settings=\"{&quot;background_background&quot;:&quot;classic&quot;}\">\n\t\t\t\t<div class=\"elementor-element elementor-element-ab5c170 elementor-widget elementor-widget-spacer\" data-id=\"ab5c170\" data-element_type=\"widget\" data-widget_type=\"spacer.default\">\n\t\t\t\t<div class=\"elementor-widget-container\">\n\t\t\t\t\t\t\t<div class=\"elementor-spacer\">\n\t\t\t<div class=\"elementor-spacer-inner\"><\/div>\n\t\t<\/div>\n\t\t\t\t\t\t<\/div>\n\t\t\t\t<\/div>\n\t\t\t\t<\/div>\n\t\t\t\t\t<\/div>\n\t\t\t\t<\/div>\n\t\t<div class=\"elementor-element elementor-element-a855f1a e-flex e-con-boxed e-con e-parent\" data-id=\"a855f1a\" data-element_type=\"container\" id=\"lagerung\">\n\t\t\t\t\t<div class=\"e-con-inner\">\n\t\t\t\t<div class=\"elementor-element elementor-element-b3a0b3f elementor-widget elementor-widget-spacer\" data-id=\"b3a0b3f\" data-element_type=\"widget\" data-widget_type=\"spacer.default\">\n\t\t\t\t<div class=\"elementor-widget-container\">\n\t\t\t\t\t\t\t<div class=\"elementor-spacer\">\n\t\t\t<div class=\"elementor-spacer-inner\"><\/div>\n\t\t<\/div>\n\t\t\t\t\t\t<\/div>\n\t\t\t\t<\/div>\n\t\t\t\t\t<\/div>\n\t\t\t\t<\/div>\n\t\t<div class=\"elementor-element elementor-element-5039c54 e-flex e-con-boxed e-con e-parent\" data-id=\"5039c54\" data-element_type=\"container\" data-settings=\"{&quot;background_background&quot;:&quot;classic&quot;}\">\n\t\t\t\t\t<div class=\"e-con-inner\">\n\t\t<div class=\"elementor-element elementor-element-9176fc7 e-con-full e-flex e-con e-child\" data-id=\"9176fc7\" data-element_type=\"container\" data-settings=\"{&quot;background_background&quot;:&quot;classic&quot;}\">\n\t\t\t\t<div class=\"elementor-element elementor-element-17fabfa elementor-widget elementor-widget-spacer\" data-id=\"17fabfa\" data-element_type=\"widget\" data-widget_type=\"spacer.default\">\n\t\t\t\t<div class=\"elementor-widget-container\">\n\t\t\t\t\t\t\t<div class=\"elementor-spacer\">\n\t\t\t<div class=\"elementor-spacer-inner\"><\/div>\n\t\t<\/div>\n\t\t\t\t\t\t<\/div>\n\t\t\t\t<\/div>\n\t\t\t\t<\/div>\n\t\t<div class=\"elementor-element elementor-element-587613b e-con-full e-flex e-con e-child\" data-id=\"587613b\" data-element_type=\"container\" data-settings=\"{&quot;background_background&quot;:&quot;classic&quot;}\">\n\t\t\t\t<div class=\"elementor-element elementor-element-1340ccb elementor-widget elementor-widget-text-editor\" data-id=\"1340ccb\" data-element_type=\"widget\" data-widget_type=\"text-editor.default\">\n\t\t\t\t<div class=\"elementor-widget-container\">\n\t\t\t\t\t\t\t\t\t<h2>Lagerung<\/h2>\n<p>Bei Mallorca Watersports bieten wir zuverl\u00e4ssige und sichere Lagerm\u00f6glichkeiten, um deine wertvollen Wasserspielzeuge w\u00e4hrend der Nebensaison zu sch\u00fctzen.<br \/>Egal ob eFoil, Jetsurf, Seabob oder anderes Equipment \u2013 unsere Einrichtungen sind darauf ausgelegt, deine Ausr\u00fcstung sicher, sauber und bereit f\u00fcr dein n\u00e4chstes Abenteuer aufzubewahren. <\/p>\n<p>Durch sorgf\u00e4ltige Pflege und ideale Lagerbedingungen helfen wir, die Lebensdauer deiner Ausr\u00fcstung zu verl\u00e4ngern und dir ein gutes Gef\u00fchl zu geben.<br \/>Wenn die Saison zur\u00fcckkehrt, sind deine Wasserspielzeuge in perfektem Zustand und bereit f\u00fcr neue Abenteuer auf dem Wasser. <\/p>\n\t\t\t\t\t\t\t\t<\/div>\n\t\t\t\t<\/div>\n\t\t\t\t<div class=\"elementor-element elementor-element-9d8011a elementor-align-left elementor-mobile-align-center elementor-widget elementor-widget-button\" data-id=\"9d8011a\" data-element_type=\"widget\" data-widget_type=\"button.default\">\n\t\t\t\t<div class=\"elementor-widget-container\">\n\t\t\t\t\t\t\t\t\t<div class=\"elementor-button-wrapper\">\n\t\t\t\t\t<a class=\"elementor-button elementor-button-link elementor-size-sm\" href=\"https:\/\/mallorcawatersports.com\/de\/kontakt\/\">\n\t\t\t\t\t\t<span class=\"elementor-button-content-wrapper\">\n\t\t\t\t\t\t\t\t\t<span class=\"elementor-button-text\">Kontaktiere uns<\/span>\n\t\t\t\t\t<\/span>\n\t\t\t\t\t<\/a>\n\t\t\t\t<\/div>\n\t\t\t\t\t\t\t\t<\/div>\n\t\t\t\t<\/div>\n\t\t\t\t<\/div>\n\t\t\t\t\t<\/div>\n\t\t\t\t<\/div>\n\t\t<div class=\"elementor-element elementor-element-7c45cad e-flex e-con-boxed e-con e-parent\" data-id=\"7c45cad\" data-element_type=\"container\" id=\"reparaturen\">\n\t\t\t\t\t<div class=\"e-con-inner\">\n\t\t\t\t<div class=\"elementor-element elementor-element-17538bf elementor-widget elementor-widget-spacer\" data-id=\"17538bf\" data-element_type=\"widget\" data-widget_type=\"spacer.default\">\n\t\t\t\t<div class=\"elementor-widget-container\">\n\t\t\t\t\t\t\t<div class=\"elementor-spacer\">\n\t\t\t<div class=\"elementor-spacer-inner\"><\/div>\n\t\t<\/div>\n\t\t\t\t\t\t<\/div>\n\t\t\t\t<\/div>\n\t\t\t\t\t<\/div>\n\t\t\t\t<\/div>\n\t\t<div class=\"elementor-element elementor-element-2309200 e-flex e-con-boxed e-con e-parent\" data-id=\"2309200\" data-element_type=\"container\" data-settings=\"{&quot;background_background&quot;:&quot;classic&quot;}\">\n\t\t\t\t\t<div class=\"e-con-inner\">\n\t\t<div class=\"elementor-element elementor-element-77ce16c e-con-full e-flex e-con e-child\" data-id=\"77ce16c\" data-element_type=\"container\">\n\t\t\t\t<div class=\"elementor-element elementor-element-008a36a elementor-widget elementor-widget-text-editor\" data-id=\"008a36a\" data-element_type=\"widget\" data-widget_type=\"text-editor.default\">\n\t\t\t\t<div class=\"elementor-widget-container\">\n\t\t\t\t\t\t\t\t\t<h2>Reparaturen<\/h2>\n<p>Bei Mallorca Watersports sind wir auf die Reparatur von Kratzern, Rissen und Oberfl\u00e4chensch\u00e4den spezialisiert, damit deine Wasserspielzeuge immer top aussehen und perfekt funktionieren.<br \/>Mit unserer Expertise in der Reparatur von Carbonfaser und Oberfl\u00e4chenbearbeitung sorgt unser erfahrenes Team f\u00fcr eine nahtlose und langlebige Wiederherstellung. <\/p>\n<p>Wir kombinieren pr\u00e4zise Techniken mit hochwertigen Materialien, um Ergebnisse zu liefern, die nicht nur Sch\u00e4den beheben, sondern auch die Lebensdauer deiner Ausr\u00fcstung verl\u00e4ngern.<br \/>Vertraue uns die Wiederherstellung deiner Wasserspielzeuge an \u2013 damit du sorgenfrei zur\u00fcck aufs Wasser kannst. <\/p>\n\t\t\t\t\t\t\t\t<\/div>\n\t\t\t\t<\/div>\n\t\t\t\t<div class=\"elementor-element elementor-element-6d76d03 elementor-align-left elementor-mobile-align-center elementor-widget elementor-widget-button\" data-id=\"6d76d03\" data-element_type=\"widget\" data-widget_type=\"button.default\">\n\t\t\t\t<div class=\"elementor-widget-container\">\n\t\t\t\t\t\t\t\t\t<div class=\"elementor-button-wrapper\">\n\t\t\t\t\t<a class=\"elementor-button elementor-button-link elementor-size-sm\" href=\"https:\/\/mallorcawatersports.com\/de\/kontakt\/\">\n\t\t\t\t\t\t<span class=\"elementor-button-content-wrapper\">\n\t\t\t\t\t\t\t\t\t<span class=\"elementor-button-text\">Kontaktiere uns<\/span>\n\t\t\t\t\t<\/span>\n\t\t\t\t\t<\/a>\n\t\t\t\t<\/div>\n\t\t\t\t\t\t\t\t<\/div>\n\t\t\t\t<\/div>\n\t\t\t\t<\/div>\n\t\t<div class=\"elementor-element elementor-element-9cca75e e-con-full e-flex e-con e-child\" data-id=\"9cca75e\" data-element_type=\"container\" data-settings=\"{&quot;background_background&quot;:&quot;classic&quot;}\">\n\t\t\t\t<div class=\"elementor-element elementor-element-e34bf62 elementor-widget elementor-widget-spacer\" data-id=\"e34bf62\" data-element_type=\"widget\" data-widget_type=\"spacer.default\">\n\t\t\t\t<div class=\"elementor-widget-container\">\n\t\t\t\t\t\t\t<div class=\"elementor-spacer\">\n\t\t\t<div class=\"elementor-spacer-inner\"><\/div>\n\t\t<\/div>\n\t\t\t\t\t\t<\/div>\n\t\t\t\t<\/div>\n\t\t\t\t<\/div>\n\t\t\t\t\t<\/div>\n\t\t\t\t<\/div>\n\t\t<div class=\"elementor-element elementor-element-f9cdc35 e-flex e-con-boxed e-con e-parent\" data-id=\"f9cdc35\" data-element_type=\"container\">\n\t\t\t\t\t<div class=\"e-con-inner\">\n\t\t\t\t<div class=\"elementor-element elementor-element-4c2b1ed elementor-widget elementor-widget-text-editor\" data-id=\"4c2b1ed\" data-element_type=\"widget\" data-widget_type=\"text-editor.default\">\n\t\t\t\t<div class=\"elementor-widget-container\">\n\t\t\t\t\t\t\t\t\t<p style=\"text-align: center;\">Falls das, was du suchst, nicht unter den oben genannten Optionen ist, kontaktiere uns bitte \u2013 wir helfen dir gerne weiter.<\/p>\n<h2 style=\"text-align: center;\"><a href=\"https:\/\/mallorcawatersports.com\/de\/kontakt\/\">Kontaktiere uns<\/a><\/h2>\n\t\t\t\t\t\t\t\t<\/div>\n\t\t\t\t<\/div>\n\t\t\t\t<div class=\"elementor-element elementor-element-ea7c848 elementor-widget elementor-widget-image\" data-id=\"ea7c848\" data-element_type=\"widget\" data-widget_type=\"image.default\">\n\t\t\t\t<div class=\"elementor-widget-container\">\n\t\t\t\t\t\t\t\t\t\t\t\t\t\t\t\t<a href=\"https:\/\/mallorcawatersports.com\/\">\n\t\t\t\t\t\t\t<img decoding=\"async\" src=\"https:\/\/mallorcawatersports.com\/wp-content\/uploads\/2024\/12\/MW-Logo-png-completo-negro-6.png\" title=\"Service\" alt=\"Service\" loading=\"lazy\" \/>\t\t\t\t\t\t\t\t<\/a>\n\t\t\t\t\t\t\t\t\t\t\t\t\t\t\t<\/div>\n\t\t\t\t<\/div>\n\t\t\t\t\t<\/div>\n\t\t\t\t<\/div>\n\t\t<div class=\"elementor-element elementor-element-5b031df e-flex e-con-boxed e-con e-parent\" data-id=\"5b031df\" data-element_type=\"container\">\n\t\t\t\t\t<div class=\"e-con-inner\">\n\t\t\t\t\t<\/div>\n\t\t\t\t<\/div>\n\t\t\t\t<\/div>\n\t\t","protected":false},"excerpt":{"rendered":"<p>Service Alles, was du brauchst, an einem Ort Wartung &#8211; Personalisierung &#8211; Lagerung &#8211; Reparaturen Bei Mallorca Watersports wissen wir, [&hellip;]<\/p>\n","protected":false},"author":1,"featured_media":0,"parent":0,"menu_order":0,"comment_status":"closed","ping_status":"closed","template":"","meta":{"site-sidebar-layout":"no-sidebar","site-content-layout":"","ast-site-content-layout":"full-width-container","site-content-style":"default","site-sidebar-style":"default","ast-global-header-display":"","ast-banner-title-visibility":"","ast-main-header-display":"","ast-hfb-above-header-display":"","ast-hfb-below-header-display":"","ast-hfb-mobile-header-display":"","site-post-title":"disabled","ast-breadcrumbs-content":"","ast-featured-img":"disabled","footer-sml-layout":"","theme-transparent-header-meta":"","adv-header-id-meta":"","stick-header-meta":"","header-above-stick-meta":"","header-main-stick-meta":"","header-below-stick-meta":"","astra-migrate-meta-layouts":"default","ast-page-background-enabled":"default","ast-page-background-meta":{"desktop":{"background-color":"var(--ast-global-color-4)","background-image":"","background-repeat":"repeat","background-position":"center center","background-size":"auto","background-attachment":"scroll","background-type":"","background-media":"","overlay-type":"","overlay-color":"","overlay-opacity":"","overlay-gradient":""},"tablet":{"background-color":"","background-image":"","background-repeat":"repeat","background-position":"center center","background-size":"auto","background-attachment":"scroll","background-type":"","background-media":"","overlay-type":"","overlay-color":"","overlay-opacity":"","overlay-gradient":""},"mobile":{"background-color":"","background-image":"","background-repeat":"repeat","background-position":"center center","background-size":"auto","background-attachment":"scroll","background-type":"","background-media":"","overlay-type":"","overlay-color":"","overlay-opacity":"","overlay-gradient":""}},"ast-content-background-meta":{"desktop":{"background-color":"var(--ast-global-color-5)","background-image":"","background-repeat":"repeat","background-position":"center center","background-size":"auto","background-attachment":"scroll","background-type":"","background-media":"","overlay-type":"","overlay-color":"","overlay-opacity":"","overlay-gradient":""},"tablet":{"background-color":"var(--ast-global-color-5)","background-image":"","background-repeat":"repeat","background-position":"center center","background-size":"auto","background-attachment":"scroll","background-type":"","background-media":"","overlay-type":"","overlay-color":"","overlay-opacity":"","overlay-gradient":""},"mobile":{"background-color":"var(--ast-global-color-5)","background-image":"","background-repeat":"repeat","background-position":"center center","background-size":"auto","background-attachment":"scroll","background-type":"","background-media":"","overlay-type":"","overlay-color":"","overlay-opacity":"","overlay-gradient":""}},"_joinchat":[],"footnotes":""},"class_list":["post-1235","page","type-page","status-publish","hentry"],"_links":{"self":[{"href":"https:\/\/mallorcawatersports.com\/de\/wp-json\/wp\/v2\/pages\/1235","targetHints":{"allow":["GET"]}}],"collection":[{"href":"https:\/\/mallorcawatersports.com\/de\/wp-json\/wp\/v2\/pages"}],"about":[{"href":"https:\/\/mallorcawatersports.com\/de\/wp-json\/wp\/v2\/types\/page"}],"author":[{"embeddable":true,"href":"https:\/\/mallorcawatersports.com\/de\/wp-json\/wp\/v2\/users\/1"}],"replies":[{"embeddable":true,"href":"https:\/\/mallorcawatersports.com\/de\/wp-json\/wp\/v2\/comments?post=1235"}],"version-history":[{"count":7,"href":"https:\/\/mallorcawatersports.com\/de\/wp-json\/wp\/v2\/pages\/1235\/revisions"}],"predecessor-version":[{"id":1640,"href":"https:\/\/mallorcawatersports.com\/de\/wp-json\/wp\/v2\/pages\/1235\/revisions\/1640"}],"wp:attachment":[{"href":"https:\/\/mallorcawatersports.com\/de\/wp-json\/wp\/v2\/media?parent=1235"}],"curies":[{"name":"wp","href":"https:\/\/api.w.org\/{rel}","templated":true}]}}