{"id":1594,"date":"2025-11-20T06:59:03","date_gmt":"2025-11-20T06:59:03","guid":{"rendered":"https:\/\/mallorcawatersports.com\/ueber-uns\/"},"modified":"2025-12-18T14:50:01","modified_gmt":"2025-12-18T14:50:01","slug":"ueber-uns","status":"publish","type":"page","link":"https:\/\/mallorcawatersports.com\/de\/ueber-uns\/","title":{"rendered":"\u00dcber uns"},"content":{"rendered":"\t\t<div data-elementor-type=\"wp-page\" data-elementor-id=\"1594\" class=\"elementor elementor-1594 elementor-1510\" data-elementor-post-type=\"page\">\n\t\t\t\t<div class=\"elementor-element elementor-element-e269bcb e-con-full e-flex e-con e-parent\" data-id=\"e269bcb\" data-element_type=\"container\" data-settings=\"{&quot;background_background&quot;:&quot;classic&quot;}\">\n\t\t<div class=\"elementor-element elementor-element-b248d07 e-flex e-con-boxed e-con e-child\" data-id=\"b248d07\" data-element_type=\"container\" data-settings=\"{&quot;background_background&quot;:&quot;classic&quot;}\">\n\t\t\t\t\t<div class=\"e-con-inner\">\n\t\t\t\t<div class=\"elementor-element elementor-element-4fe7b7a elementor-hidden-desktop elementor-widget elementor-widget-text-editor\" data-id=\"4fe7b7a\" data-element_type=\"widget\" data-widget_type=\"text-editor.default\">\n\t\t\t\t<div class=\"elementor-widget-container\">\n\t\t\t\t\t\t\t\t\t<p style=\"text-align: center;\"><span style=\"color: #ffffff;\">\u00dcber uns<\/span><\/p>\n\t\t\t\t\t\t\t\t<\/div>\n\t\t\t\t<\/div>\n\t\t\t\t<div class=\"elementor-element elementor-element-2b42bcf elementor-widget elementor-widget-spacer\" data-id=\"2b42bcf\" data-element_type=\"widget\" data-widget_type=\"spacer.default\">\n\t\t\t\t<div class=\"elementor-widget-container\">\n\t\t\t\t\t\t\t<div class=\"elementor-spacer\">\n\t\t\t<div class=\"elementor-spacer-inner\"><\/div>\n\t\t<\/div>\n\t\t\t\t\t\t<\/div>\n\t\t\t\t<\/div>\n\t\t\t\t<div class=\"elementor-element elementor-element-3d3d322 elementor-hidden-tablet elementor-hidden-mobile elementor-widget elementor-widget-text-editor\" data-id=\"3d3d322\" data-element_type=\"widget\" data-widget_type=\"text-editor.default\">\n\t\t\t\t<div class=\"elementor-widget-container\">\n\t\t\t\t\t\t\t\t\t<p style=\"text-align: center;\"><span style=\"color: #ffffff;\">\u00dcber uns<\/span><\/p>\n\t\t\t\t\t\t\t\t<\/div>\n\t\t\t\t<\/div>\n\t\t\t\t\t<\/div>\n\t\t\t\t<\/div>\n\t\t\t\t<\/div>\n\t\t<div class=\"elementor-element elementor-element-ca1980f e-flex e-con-boxed e-con e-parent\" data-id=\"ca1980f\" data-element_type=\"container\">\n\t\t\t\t\t<div class=\"e-con-inner\">\n\t\t\t\t<div class=\"elementor-element elementor-element-b02adcf elementor-widget elementor-widget-text-editor\" data-id=\"b02adcf\" data-element_type=\"widget\" data-widget_type=\"text-editor.default\">\n\t\t\t\t<div class=\"elementor-widget-container\">\n\t\t\t\t\t\t\t\t\t<h1 style=\"text-align: center;\">Wassersport-Erlebnisse auf Mallorca<\/h1>\n<p style=\"text-align: center;\">Bei Mallorca Watersports verwandeln wir unsere Leidenschaft f\u00fcr das Meer und den Wassersport in luxuri\u00f6se Wassersporterlebnisse auf Mallorca. Wir bieten Premium-Vermietungen, professionelle Schulungen, offizielle Services und den Verkauf von High-End-Ausr\u00fcstung an \u2013 darunter eFoil, Seabob, Awake Boards, Sublue und modernste Water Toys. Unser Fokus liegt auf Innovation, Sicherheit und einem exklusiven Serviceniveau, das auf anspruchsvolle Kundschaft ausgerichtet ist.<br data-start=\"581\" data-end=\"584\">Wir arbeiten mit f\u00fchrenden Marken und einem Team zertifizierter Instruktoren zusammen, um au\u00dfergew\u00f6hnliche Erlebnisse im Mittelmeer zu bieten. Wenn Sie nach eFoil auf Mallorca, Seabob auf Mallorca oder erstklassigen nautischen Dienstleistungen suchen, helfen wir Ihnen dabei, das Meer mit Stil, Vertrauen und h\u00f6chster Qualit\u00e4t zu genie\u00dfen.   <\/p>\n\t\t\t\t\t\t\t\t<\/div>\n\t\t\t\t<\/div>\n\t\t\t\t\t<\/div>\n\t\t\t\t<\/div>\n\t\t<div class=\"elementor-element elementor-element-7ee03bf e-flex e-con-boxed e-con e-parent\" data-id=\"7ee03bf\" data-element_type=\"container\" data-settings=\"{&quot;background_background&quot;:&quot;classic&quot;}\">\n\t\t\t\t\t<div class=\"e-con-inner\">\n\t\t<div class=\"elementor-element elementor-element-d9e8396 e-con-full e-flex e-con e-child\" data-id=\"d9e8396\" data-element_type=\"container\">\n\t\t\t\t<div class=\"elementor-element elementor-element-f3a98ca elementor-widget elementor-widget-text-editor\" data-id=\"f3a98ca\" data-element_type=\"widget\" data-widget_type=\"text-editor.default\">\n\t\t\t\t<div class=\"elementor-widget-container\">\n\t\t\t\t\t\t\t\t\t<h2>Unsere Geschichte<\/h2>\n<p>Wir sind das am schnellsten wachsende Wassersportunternehmen auf Mallorca. Dank der \u00fcber 10-j\u00e4hrigen Erfahrung unseres Teams ist es uns gelungen, innerhalb weniger Jahre zu einem der f\u00fchrenden Anbieter der Branche zu werden.  <\/p>\n<p>Mallorca Watersports wurde aus der Leidenschaft f\u00fcr das Meer, f\u00fcr hochwertigen Wassersport und dem Wunsch geboren, luxuri\u00f6se Wassersporterlebnisse auf Mallorca auf ein neues Niveau zu bringen. Was als kleines Projekt aus Liebe zum Ozean begann, entwickelte sich schnell zu einem vertrauensw\u00fcrdigen Unternehmen, das sich auf hochwertige eFoil-, Seabob- und Water-Toy-Erlebnisse auf der ganzen Insel spezialisiert hat. <\/p>\n\t\t\t\t\t\t\t\t<\/div>\n\t\t\t\t<\/div>\n\t\t\t\t<\/div>\n\t\t<div class=\"elementor-element elementor-element-ace2581 e-con-full e-flex e-con e-child\" data-id=\"ace2581\" data-element_type=\"container\" data-settings=\"{&quot;background_background&quot;:&quot;classic&quot;}\">\n\t\t\t\t<div class=\"elementor-element elementor-element-2799c7b elementor-widget elementor-widget-spacer\" data-id=\"2799c7b\" data-element_type=\"widget\" data-widget_type=\"spacer.default\">\n\t\t\t\t<div class=\"elementor-widget-container\">\n\t\t\t\t\t\t\t<div class=\"elementor-spacer\">\n\t\t\t<div class=\"elementor-spacer-inner\"><\/div>\n\t\t<\/div>\n\t\t\t\t\t\t<\/div>\n\t\t\t\t<\/div>\n\t\t\t\t<\/div>\n\t\t\t\t\t<\/div>\n\t\t\t\t<\/div>\n\t\t<div class=\"elementor-element elementor-element-15c83a2 e-flex e-con-boxed e-con e-parent\" data-id=\"15c83a2\" data-element_type=\"container\">\n\t\t\t\t\t<div class=\"e-con-inner\">\n\t\t\t\t\t<\/div>\n\t\t\t\t<\/div>\n\t\t<div class=\"elementor-element elementor-element-8c23213 e-flex e-con-boxed e-con e-parent\" data-id=\"8c23213\" data-element_type=\"container\" data-settings=\"{&quot;background_background&quot;:&quot;classic&quot;}\">\n\t\t\t\t\t<div class=\"e-con-inner\">\n\t\t<div class=\"elementor-element elementor-element-7b55f98 e-con-full e-flex e-con e-child\" data-id=\"7b55f98\" data-element_type=\"container\" data-settings=\"{&quot;background_background&quot;:&quot;classic&quot;}\">\n\t\t\t\t<div class=\"elementor-element elementor-element-86d870e elementor-widget elementor-widget-spacer\" data-id=\"86d870e\" data-element_type=\"widget\" data-widget_type=\"spacer.default\">\n\t\t\t\t<div class=\"elementor-widget-container\">\n\t\t\t\t\t\t\t<div class=\"elementor-spacer\">\n\t\t\t<div class=\"elementor-spacer-inner\"><\/div>\n\t\t<\/div>\n\t\t\t\t\t\t<\/div>\n\t\t\t\t<\/div>\n\t\t\t\t<\/div>\n\t\t<div class=\"elementor-element elementor-element-68240f2 e-con-full e-flex e-con e-child\" data-id=\"68240f2\" data-element_type=\"container\" data-settings=\"{&quot;background_background&quot;:&quot;classic&quot;}\">\n\t\t\t\t<div class=\"elementor-element elementor-element-651d091 elementor-widget elementor-widget-text-editor\" data-id=\"651d091\" data-element_type=\"widget\" data-widget_type=\"text-editor.default\">\n\t\t\t\t<div class=\"elementor-widget-container\">\n\t\t\t\t\t\t\t\t\t<h2>Worauf wir uns konzentrieren<\/h2>\n<p data-start=\"191\" data-end=\"439\">Wir glauben, dass au\u00dfergew\u00f6hnliche Erlebnisse damit beginnen, die Grundlagen perfekt zu beherrschen. Bei Mallorca Watersports ist es unsere Priorit\u00e4t, ein reibungsloses, stressfreies und angenehmes Erlebnis zu bieten, damit jeder Kunde das Meer mit unseren hochwertigen Water Toys in vollen Z\u00fcgen genie\u00dfen kann. <\/p>\n<p data-start=\"441\" data-end=\"713\">F\u00fcr uns sind die Grundlagen klar definiert:<br \/><br data-start=\"474\" data-end=\"477\">\u2022 P\u00fcnktlichkeit: immer rechtzeitig und gut vorbereitet sein.<br data-start=\"528\" data-end=\"531\">\u2022 Klare Kommunikation: aufmerksame, schnelle und professionelle Betreuung.<br data-start=\"615\" data-end=\"618\">\u2022 Hochwertige Ausr\u00fcstung: wir bieten ausschlie\u00dflich die besten und zuverl\u00e4ssigsten Produkte auf dem Markt an.<\/p>\n<p data-start=\"715\" data-end=\"835\">Indem wir die Grundlagen auf au\u00dfergew\u00f6hnlich hohem Niveau umsetzen, stellen wir sicher, dass jeder Moment auf dem Wasser unvergesslich, sicher und wirklich angenehm ist.<\/p>\n\t\t\t\t\t\t\t\t<\/div>\n\t\t\t\t<\/div>\n\t\t\t\t<\/div>\n\t\t\t\t\t<\/div>\n\t\t\t\t<\/div>\n\t\t<div class=\"elementor-element elementor-element-a34bc6e e-flex e-con-boxed e-con e-parent\" data-id=\"a34bc6e\" data-element_type=\"container\">\n\t\t\t\t\t<div class=\"e-con-inner\">\n\t\t\t\t\t<\/div>\n\t\t\t\t<\/div>\n\t\t<div class=\"elementor-element elementor-element-4de0142 e-flex e-con-boxed e-con e-parent\" data-id=\"4de0142\" data-element_type=\"container\" data-settings=\"{&quot;background_background&quot;:&quot;classic&quot;}\">\n\t\t\t\t\t<div class=\"e-con-inner\">\n\t\t<div class=\"elementor-element elementor-element-5cce9fd e-con-full e-flex e-con e-child\" data-id=\"5cce9fd\" data-element_type=\"container\">\n\t\t\t\t<div class=\"elementor-element elementor-element-9d15611 elementor-widget elementor-widget-text-editor\" data-id=\"9d15611\" data-element_type=\"widget\" data-widget_type=\"text-editor.default\">\n\t\t\t\t<div class=\"elementor-widget-container\">\n\t\t\t\t\t\t\t\t\t<h2>N\u00e4chste Schritte<\/h2>\n<p data-start=\"186\" data-end=\"545\">Unsere Reise hat gerade erst begonnen. Bei Mallorca Watersports setzen wir uns daf\u00fcr ein, unsere Leidenschaft f\u00fcr das Meer, Innovation und hochwertigen Wassersport in jeden Winkel der Insel zu bringen. W\u00e4hrend sich Mallorca weiterhin als erstklassiges Reiseziel etabliert, ist es unser Ziel, neue Ma\u00dfst\u00e4be f\u00fcr luxuri\u00f6se Wassersporterlebnisse zu setzen \u2013 indem wir unser Angebot kontinuierlich verbessern, anpassen und erweitern.  <\/p>\n<p data-start=\"875\" data-end=\"1026\">Getrieben von Leidenschaft und geleitet von Exzellenz freuen wir uns auf alles, was vor uns liegt \u2013 und sind stolz darauf, die Zukunft des Premium-Wassersports auf Mallorca weiterhin mitzugestalten.<\/p>\n\t\t\t\t\t\t\t\t<\/div>\n\t\t\t\t<\/div>\n\t\t\t\t<\/div>\n\t\t<div class=\"elementor-element elementor-element-5ae38b3 e-con-full e-flex e-con e-child\" data-id=\"5ae38b3\" data-element_type=\"container\" data-settings=\"{&quot;background_background&quot;:&quot;classic&quot;}\">\n\t\t\t\t<div class=\"elementor-element elementor-element-436bff0 elementor-widget elementor-widget-spacer\" data-id=\"436bff0\" data-element_type=\"widget\" data-widget_type=\"spacer.default\">\n\t\t\t\t<div class=\"elementor-widget-container\">\n\t\t\t\t\t\t\t<div class=\"elementor-spacer\">\n\t\t\t<div class=\"elementor-spacer-inner\"><\/div>\n\t\t<\/div>\n\t\t\t\t\t\t<\/div>\n\t\t\t\t<\/div>\n\t\t\t\t<\/div>\n\t\t\t\t\t<\/div>\n\t\t\t\t<\/div>\n\t\t<div class=\"elementor-element elementor-element-4ac657d e-flex e-con-boxed e-con e-parent\" data-id=\"4ac657d\" data-element_type=\"container\">\n\t\t\t\t\t<div class=\"e-con-inner\">\n\t\t\t\t\t<\/div>\n\t\t\t\t<\/div>\n\t\t<div class=\"elementor-element elementor-element-36adef5 e-flex e-con-boxed e-con e-parent\" data-id=\"36adef5\" data-element_type=\"container\">\n\t\t\t\t\t<div class=\"e-con-inner\">\n\t\t\t\t<div class=\"elementor-element elementor-element-cd16792 elementor-widget elementor-widget-image\" data-id=\"cd16792\" data-element_type=\"widget\" data-widget_type=\"image.default\">\n\t\t\t\t<div class=\"elementor-widget-container\">\n\t\t\t\t\t\t\t\t\t\t\t\t\t\t\t\t<a href=\"https:\/\/mallorcawatersports.com\/de\/\">\n\t\t\t\t\t\t\t<img decoding=\"async\" src=\"https:\/\/mallorcawatersports.com\/wp-content\/uploads\/2024\/12\/MW-Logo-png-completo-negro-6.png\" title=\"Service\" alt=\"Service\" loading=\"lazy\" \/>\t\t\t\t\t\t\t\t<\/a>\n\t\t\t\t\t\t\t\t\t\t\t\t\t\t\t<\/div>\n\t\t\t\t<\/div>\n\t\t\t\t\t<\/div>\n\t\t\t\t<\/div>\n\t\t<div class=\"elementor-element elementor-element-92a6faa e-flex e-con-boxed e-con e-parent\" data-id=\"92a6faa\" data-element_type=\"container\">\n\t\t\t\t\t<div class=\"e-con-inner\">\n\t\t\t\t\t<\/div>\n\t\t\t\t<\/div>\n\t\t\t\t<\/div>\n\t\t","protected":false},"excerpt":{"rendered":"<p>\u00dcber uns \u00dcber uns Wassersport-Erlebnisse auf Mallorca Bei Mallorca Watersports verwandeln wir unsere Leidenschaft f\u00fcr das Meer und den Wassersport [&hellip;]<\/p>\n","protected":false},"author":1,"featured_media":0,"parent":0,"menu_order":0,"comment_status":"closed","ping_status":"closed","template":"","meta":{"site-sidebar-layout":"no-sidebar","site-content-layout":"","ast-site-content-layout":"full-width-container","site-content-style":"default","site-sidebar-style":"default","ast-global-header-display":"","ast-banner-title-visibility":"","ast-main-header-display":"","ast-hfb-above-header-display":"","ast-hfb-below-header-display":"","ast-hfb-mobile-header-display":"","site-post-title":"disabled","ast-breadcrumbs-content":"","ast-featured-img":"disabled","footer-sml-layout":"","theme-transparent-header-meta":"","adv-header-id-meta":"","stick-header-meta":"","header-above-stick-meta":"","header-main-stick-meta":"","header-below-stick-meta":"","astra-migrate-meta-layouts":"default","ast-page-background-enabled":"default","ast-page-background-meta":{"desktop":{"background-color":"var(--ast-global-color-4)","background-image":"","background-repeat":"repeat","background-position":"center center","background-size":"auto","background-attachment":"scroll","background-type":"","background-media":"","overlay-type":"","overlay-color":"","overlay-opacity":"","overlay-gradient":""},"tablet":{"background-color":"","background-image":"","background-repeat":"repeat","background-position":"center center","background-size":"auto","background-attachment":"scroll","background-type":"","background-media":"","overlay-type":"","overlay-color":"","overlay-opacity":"","overlay-gradient":""},"mobile":{"background-color":"","background-image":"","background-repeat":"repeat","background-position":"center center","background-size":"auto","background-attachment":"scroll","background-type":"","background-media":"","overlay-type":"","overlay-color":"","overlay-opacity":"","overlay-gradient":""}},"ast-content-background-meta":{"desktop":{"background-color":"var(--ast-global-color-5)","background-image":"","background-repeat":"repeat","background-position":"center center","background-size":"auto","background-attachment":"scroll","background-type":"","background-media":"","overlay-type":"","overlay-color":"","overlay-opacity":"","overlay-gradient":""},"tablet":{"background-color":"var(--ast-global-color-5)","background-image":"","background-repeat":"repeat","background-position":"center center","background-size":"auto","background-attachment":"scroll","background-type":"","background-media":"","overlay-type":"","overlay-color":"","overlay-opacity":"","overlay-gradient":""},"mobile":{"background-color":"var(--ast-global-color-5)","background-image":"","background-repeat":"repeat","background-position":"center center","background-size":"auto","background-attachment":"scroll","background-type":"","background-media":"","overlay-type":"","overlay-color":"","overlay-opacity":"","overlay-gradient":""}},"_joinchat":[],"footnotes":""},"class_list":["post-1594","page","type-page","status-publish","hentry"],"_links":{"self":[{"href":"https:\/\/mallorcawatersports.com\/de\/wp-json\/wp\/v2\/pages\/1594","targetHints":{"allow":["GET"]}}],"collection":[{"href":"https:\/\/mallorcawatersports.com\/de\/wp-json\/wp\/v2\/pages"}],"about":[{"href":"https:\/\/mallorcawatersports.com\/de\/wp-json\/wp\/v2\/types\/page"}],"author":[{"embeddable":true,"href":"https:\/\/mallorcawatersports.com\/de\/wp-json\/wp\/v2\/users\/1"}],"replies":[{"embeddable":true,"href":"https:\/\/mallorcawatersports.com\/de\/wp-json\/wp\/v2\/comments?post=1594"}],"version-history":[{"count":1,"href":"https:\/\/mallorcawatersports.com\/de\/wp-json\/wp\/v2\/pages\/1594\/revisions"}],"predecessor-version":[{"id":1595,"href":"https:\/\/mallorcawatersports.com\/de\/wp-json\/wp\/v2\/pages\/1594\/revisions\/1595"}],"wp:attachment":[{"href":"https:\/\/mallorcawatersports.com\/de\/wp-json\/wp\/v2\/media?parent=1594"}],"curies":[{"name":"wp","href":"https:\/\/api.w.org\/{rel}","templated":true}]}}