{"id":1600,"date":"2025-11-20T06:58:47","date_gmt":"2025-11-20T06:58:47","guid":{"rendered":"https:\/\/mallorcawatersports.com\/blog\/"},"modified":"2025-12-18T14:49:28","modified_gmt":"2025-12-18T14:49:28","slug":"blog","status":"publish","type":"page","link":"https:\/\/mallorcawatersports.com\/de\/blog\/","title":{"rendered":"Blog"},"content":{"rendered":"\t\t<div data-elementor-type=\"wp-page\" data-elementor-id=\"1600\" class=\"elementor elementor-1600 elementor-1508\" data-elementor-post-type=\"page\">\n\t\t\t\t<div class=\"elementor-element elementor-element-57bf674 e-flex e-con-boxed e-con e-parent\" data-id=\"57bf674\" data-element_type=\"container\">\n\t\t\t\t\t<div class=\"e-con-inner\">\n\t\t\t\t<div class=\"elementor-element elementor-element-ad07c08 elementor-widget elementor-widget-text-editor\" data-id=\"ad07c08\" data-element_type=\"widget\" data-widget_type=\"text-editor.default\">\n\t\t\t\t<div class=\"elementor-widget-container\">\n\t\t\t\t\t\t\t\t\t<h1 style=\"text-align: center;\">Mallorca Watersports Blog<\/h1>\n<p style=\"text-align: center;\" data-start=\"189\" data-end=\"588\">Entdecken Sie die Welt des Premium-Wassersports auf Mallorca. Hier teilen wir Expertenwissen, praktische Anleitungen und die neuesten Trends rund um eFoil, Seabob und luxuri\u00f6se Wassererlebnisse auf der gesamten Insel. Ob Sie Tipps zur Verbesserung Ihrer F\u00e4higkeiten suchen, Inspiration f\u00fcr Ihr n\u00e4chstes Abenteuer brauchen oder sich \u00fcber modernste Ausr\u00fcstung informieren m\u00f6chten \u2013 unser Blog hilft Ihnen dabei, das Mittelmeer von seiner besten Seite zu genie\u00dfen.  <\/p>\n<p style=\"text-align: center;\" data-start=\"590\" data-end=\"785\">Von den sch\u00f6nsten Spots zum Fahren auf Mallorca bis hin zu fundiertem Wissen \u00fcber hochwertige Water Toys \u2013 dies ist Ihr zentraler Anlaufpunkt, um informiert, inspiriert und mit dem Wassersport-Lifestyle verbunden zu bleiben.<\/p>\n\t\t\t\t\t\t\t\t<\/div>\n\t\t\t\t<\/div>\n\t\t\t\t\t<\/div>\n\t\t\t\t<\/div>\n\t\t<div class=\"elementor-element elementor-element-9f7271d e-flex e-con-boxed e-con e-parent\" data-id=\"9f7271d\" data-element_type=\"container\">\n\t\t\t\t\t<div class=\"e-con-inner\">\n\t\t\t\t\t<\/div>\n\t\t\t\t<\/div>\n\t\t<div class=\"elementor-element elementor-element-7d75b08 e-flex e-con-boxed e-con e-parent\" data-id=\"7d75b08\" data-element_type=\"container\">\n\t\t\t\t\t<div class=\"e-con-inner\">\n\t\t\t\t\t<\/div>\n\t\t\t\t<\/div>\n\t\t<div class=\"elementor-element elementor-element-05abfba e-flex e-con-boxed e-con e-parent\" data-id=\"05abfba\" data-element_type=\"container\">\n\t\t\t\t\t<div class=\"e-con-inner\">\n\t\t\t\t<div class=\"elementor-element elementor-element-6ebaae7 elementor-widget elementor-widget-image\" data-id=\"6ebaae7\" data-element_type=\"widget\" data-widget_type=\"image.default\">\n\t\t\t\t<div class=\"elementor-widget-container\">\n\t\t\t\t\t\t\t\t\t\t\t\t\t\t\t\t<a href=\"https:\/\/mallorcawatersports.com\/de\/\">\n\t\t\t\t\t\t\t<img decoding=\"async\" src=\"https:\/\/mallorcawatersports.com\/wp-content\/uploads\/2024\/12\/MW-Logo-png-completo-negro-5.png\" title=\"buy\" alt=\"buy\" loading=\"lazy\" \/>\t\t\t\t\t\t\t\t<\/a>\n\t\t\t\t\t\t\t\t\t\t\t\t\t\t\t<\/div>\n\t\t\t\t<\/div>\n\t\t\t\t\t<\/div>\n\t\t\t\t<\/div>\n\t\t<div class=\"elementor-element elementor-element-891cd02 e-flex e-con-boxed e-con e-parent\" data-id=\"891cd02\" data-element_type=\"container\">\n\t\t\t\t\t<div class=\"e-con-inner\">\n\t\t\t\t\t<\/div>\n\t\t\t\t<\/div>\n\t\t\t\t<\/div>\n\t\t","protected":false},"excerpt":{"rendered":"<p>Mallorca Watersports Blog Entdecken Sie die Welt des Premium-Wassersports auf Mallorca. Hier teilen wir Expertenwissen, praktische Anleitungen und die neuesten [&hellip;]<\/p>\n","protected":false},"author":1,"featured_media":0,"parent":0,"menu_order":0,"comment_status":"closed","ping_status":"closed","template":"","meta":{"site-sidebar-layout":"no-sidebar","site-content-layout":"","ast-site-content-layout":"full-width-container","site-content-style":"default","site-sidebar-style":"default","ast-global-header-display":"","ast-banner-title-visibility":"","ast-main-header-display":"","ast-hfb-above-header-display":"","ast-hfb-below-header-display":"","ast-hfb-mobile-header-display":"","site-post-title":"disabled","ast-breadcrumbs-content":"","ast-featured-img":"disabled","footer-sml-layout":"","theme-transparent-header-meta":"","adv-header-id-meta":"","stick-header-meta":"","header-above-stick-meta":"","header-main-stick-meta":"","header-below-stick-meta":"","astra-migrate-meta-layouts":"default","ast-page-background-enabled":"default","ast-page-background-meta":{"desktop":{"background-color":"var(--ast-global-color-4)","background-image":"","background-repeat":"repeat","background-position":"center center","background-size":"auto","background-attachment":"scroll","background-type":"","background-media":"","overlay-type":"","overlay-color":"","overlay-opacity":"","overlay-gradient":""},"tablet":{"background-color":"","background-image":"","background-repeat":"repeat","background-position":"center center","background-size":"auto","background-attachment":"scroll","background-type":"","background-media":"","overlay-type":"","overlay-color":"","overlay-opacity":"","overlay-gradient":""},"mobile":{"background-color":"","background-image":"","background-repeat":"repeat","background-position":"center center","background-size":"auto","background-attachment":"scroll","background-type":"","background-media":"","overlay-type":"","overlay-color":"","overlay-opacity":"","overlay-gradient":""}},"ast-content-background-meta":{"desktop":{"background-color":"var(--ast-global-color-5)","background-image":"","background-repeat":"repeat","background-position":"center center","background-size":"auto","background-attachment":"scroll","background-type":"","background-media":"","overlay-type":"","overlay-color":"","overlay-opacity":"","overlay-gradient":""},"tablet":{"background-color":"var(--ast-global-color-5)","background-image":"","background-repeat":"repeat","background-position":"center center","background-size":"auto","background-attachment":"scroll","background-type":"","background-media":"","overlay-type":"","overlay-color":"","overlay-opacity":"","overlay-gradient":""},"mobile":{"background-color":"var(--ast-global-color-5)","background-image":"","background-repeat":"repeat","background-position":"center center","background-size":"auto","background-attachment":"scroll","background-type":"","background-media":"","overlay-type":"","overlay-color":"","overlay-opacity":"","overlay-gradient":""}},"_joinchat":[],"footnotes":""},"class_list":["post-1600","page","type-page","status-publish","hentry"],"_links":{"self":[{"href":"https:\/\/mallorcawatersports.com\/de\/wp-json\/wp\/v2\/pages\/1600","targetHints":{"allow":["GET"]}}],"collection":[{"href":"https:\/\/mallorcawatersports.com\/de\/wp-json\/wp\/v2\/pages"}],"about":[{"href":"https:\/\/mallorcawatersports.com\/de\/wp-json\/wp\/v2\/types\/page"}],"author":[{"embeddable":true,"href":"https:\/\/mallorcawatersports.com\/de\/wp-json\/wp\/v2\/users\/1"}],"replies":[{"embeddable":true,"href":"https:\/\/mallorcawatersports.com\/de\/wp-json\/wp\/v2\/comments?post=1600"}],"version-history":[{"count":1,"href":"https:\/\/mallorcawatersports.com\/de\/wp-json\/wp\/v2\/pages\/1600\/revisions"}],"predecessor-version":[{"id":1601,"href":"https:\/\/mallorcawatersports.com\/de\/wp-json\/wp\/v2\/pages\/1600\/revisions\/1601"}],"wp:attachment":[{"href":"https:\/\/mallorcawatersports.com\/de\/wp-json\/wp\/v2\/media?parent=1600"}],"curies":[{"name":"wp","href":"https:\/\/api.w.org\/{rel}","templated":true}]}}