{"id":4496,"date":"2026-02-14T08:21:17","date_gmt":"2026-02-14T08:21:17","guid":{"rendered":"https:\/\/mallorcawatersports.com\/unsere-partner\/"},"modified":"2026-02-14T09:17:05","modified_gmt":"2026-02-14T09:17:05","slug":"unsere-partner","status":"publish","type":"page","link":"https:\/\/mallorcawatersports.com\/de\/unsere-partner\/","title":{"rendered":"Unsere Partner"},"content":{"rendered":"\t\t<div data-elementor-type=\"wp-page\" data-elementor-id=\"4496\" class=\"elementor elementor-4496 elementor-4458\" data-elementor-post-type=\"page\">\n\t\t\t\t<div class=\"elementor-element elementor-element-9cb3ed1 e-flex e-con-boxed e-con e-parent\" data-id=\"9cb3ed1\" data-element_type=\"container\" data-settings=\"{&quot;background_background&quot;:&quot;classic&quot;}\">\n\t\t\t\t\t<div class=\"e-con-inner\">\n\t\t\t\t<div class=\"elementor-element elementor-element-b12f1e6 elementor-widget elementor-widget-spacer\" data-id=\"b12f1e6\" data-element_type=\"widget\" data-widget_type=\"spacer.default\">\n\t\t\t\t<div class=\"elementor-widget-container\">\n\t\t\t\t\t\t\t<div class=\"elementor-spacer\">\n\t\t\t<div class=\"elementor-spacer-inner\"><\/div>\n\t\t<\/div>\n\t\t\t\t\t\t<\/div>\n\t\t\t\t<\/div>\n\t\t\t\t<div class=\"elementor-element elementor-element-d8fead8 elementor-widget elementor-widget-text-editor\" data-id=\"d8fead8\" data-element_type=\"widget\" data-widget_type=\"text-editor.default\">\n\t\t\t\t<div class=\"elementor-widget-container\">\n\t\t\t\t\t\t\t\t\t<p style=\"text-align: center;\"><span style=\"color: #ffffff;\">Unsere Partner<\/span><\/p>\n\t\t\t\t\t\t\t\t<\/div>\n\t\t\t\t<\/div>\n\t\t\t\t\t<\/div>\n\t\t\t\t<\/div>\n\t\t<div class=\"elementor-element elementor-element-00db29b e-flex e-con-boxed e-con e-parent\" data-id=\"00db29b\" data-element_type=\"container\">\n\t\t\t\t\t<div class=\"e-con-inner\">\n\t\t\t\t<div class=\"elementor-element elementor-element-7ce92f1 elementor-widget elementor-widget-text-editor\" data-id=\"7ce92f1\" data-element_type=\"widget\" data-widget_type=\"text-editor.default\">\n\t\t\t\t<div class=\"elementor-widget-container\">\n\t\t\t\t\t\t\t\t\t<p style=\"text-align: center;\" data-start=\"103\" data-end=\"450\">Bei Mallorca Watersports arbeiten wir mit sorgf\u00e4ltig ausgew\u00e4hlten Partnern zusammen, die unser Engagement f\u00fcr Qualit\u00e4t, Professionalit\u00e4t und au\u00dfergew\u00f6hnliche Kundenerlebnisse teilen. Von luxuri\u00f6sen Yachtchartern und Catering an Bord bis hin zu Abenteuern an Land und exklusiven Dienstleistungen helfen uns unsere Partner dabei, vollst\u00e4ndig personalisierte und unvergessliche Momente auf Mallorca zu schaffen. <\/p>\n<p style=\"text-align: center;\" data-start=\"452\" data-end=\"552\" data-is-last-node=\"\" data-is-only-node=\"\">Gemeinsam verbinden wir Fachkompetenz und Innovation, um nahtlose Erlebnisse sowohl auf dem Meer als auch an Land zu bieten.<\/p>\n\t\t\t\t\t\t\t\t<\/div>\n\t\t\t\t<\/div>\n\t\t\t\t\t<\/div>\n\t\t\t\t<\/div>\n\t\t<div class=\"elementor-element elementor-element-e3ad58f e-flex e-con-boxed e-con e-parent\" data-id=\"e3ad58f\" data-element_type=\"container\" data-settings=\"{&quot;background_background&quot;:&quot;classic&quot;}\">\n\t\t\t\t\t<div class=\"e-con-inner\">\n\t\t<div class=\"elementor-element elementor-element-9616a2e e-con-full e-flex e-con e-child\" data-id=\"9616a2e\" data-element_type=\"container\">\n\t\t\t\t<div class=\"elementor-element elementor-element-84b35c2 elementor-widget elementor-widget-text-editor\" data-id=\"84b35c2\" data-element_type=\"widget\" data-widget_type=\"text-editor.default\">\n\t\t\t\t<div class=\"elementor-widget-container\">\n\t\t\t\t\t\t\t\t\t<h3>Mallorca Charter Boats<\/h3>\n<p data-start=\"147\" data-end=\"512\">Mallorca Charter Boats ist einer unserer wichtigsten Partner im Bereich Luxus-Yachtcharter auf Mallorca und bietet eine sorgf\u00e4ltig ausgew\u00e4hlte Flotte von Premium-Motoryachten und exklusiven Booten mit Heimathafen in Palma. Mit einem starken Fokus auf Qualit\u00e4t, Service und Liebe zum Detail schaffen sie unvergessliche Chartererlebnisse entlang der K\u00fcste Mallorcas und in den gesamten Balearischen Inseln. <\/p>\n<p data-start=\"514\" data-end=\"807\">Durch unsere Zusammenarbeit verbinden wir erstklassige Yachtcharter-Dienstleistungen mit innovativen Wassersport-Erlebnissen, darunter eFoils, Seabobs und exklusive Add-ons an Bord. Gemeinsam gestalten wir vollst\u00e4ndig personalisierte Tage auf dem Meer und bieten jedem Kunden Komfort, Abenteuer und au\u00dfergew\u00f6hnlichen Service. <\/p>\n\t\t\t\t\t\t\t\t<\/div>\n\t\t\t\t<\/div>\n\t\t\t\t<div class=\"elementor-element elementor-element-d79be02 elementor-align-left elementor-mobile-align-center elementor-widget elementor-widget-button\" data-id=\"d79be02\" data-element_type=\"widget\" data-widget_type=\"button.default\">\n\t\t\t\t<div class=\"elementor-widget-container\">\n\t\t\t\t\t\t\t\t\t<div class=\"elementor-button-wrapper\">\n\t\t\t\t\t<a class=\"elementor-button elementor-button-link elementor-size-sm\" href=\"https:\/\/wa.me\/34647934667\" target=\"_blank\" rel=\"noopener\">\n\t\t\t\t\t\t<span class=\"elementor-button-content-wrapper\">\n\t\t\t\t\t\t\t\t\t<span class=\"elementor-button-text\">Mehr Infos<\/span>\n\t\t\t\t\t<\/span>\n\t\t\t\t\t<\/a>\n\t\t\t\t<\/div>\n\t\t\t\t\t\t\t\t<\/div>\n\t\t\t\t<\/div>\n\t\t\t\t<\/div>\n\t\t<div class=\"elementor-element elementor-element-a24dcc9 e-con-full e-flex e-con e-child\" data-id=\"a24dcc9\" data-element_type=\"container\" data-settings=\"{&quot;background_background&quot;:&quot;classic&quot;}\">\n\t\t\t\t<div class=\"elementor-element elementor-element-58221f1 elementor-widget elementor-widget-spacer\" data-id=\"58221f1\" data-element_type=\"widget\" data-widget_type=\"spacer.default\">\n\t\t\t\t<div class=\"elementor-widget-container\">\n\t\t\t\t\t\t\t<div class=\"elementor-spacer\">\n\t\t\t<div class=\"elementor-spacer-inner\"><\/div>\n\t\t<\/div>\n\t\t\t\t\t\t<\/div>\n\t\t\t\t<\/div>\n\t\t\t\t<\/div>\n\t\t\t\t\t<\/div>\n\t\t\t\t<\/div>\n\t\t<div class=\"elementor-element elementor-element-9d80175 e-flex e-con-boxed e-con e-parent\" data-id=\"9d80175\" data-element_type=\"container\">\n\t\t\t\t\t<div class=\"e-con-inner\">\n\t\t\t\t<div class=\"elementor-element elementor-element-aff1dc3 elementor-widget elementor-widget-spacer\" data-id=\"aff1dc3\" data-element_type=\"widget\" data-widget_type=\"spacer.default\">\n\t\t\t\t<div class=\"elementor-widget-container\">\n\t\t\t\t\t\t\t<div class=\"elementor-spacer\">\n\t\t\t<div class=\"elementor-spacer-inner\"><\/div>\n\t\t<\/div>\n\t\t\t\t\t\t<\/div>\n\t\t\t\t<\/div>\n\t\t\t\t\t<\/div>\n\t\t\t\t<\/div>\n\t\t<div class=\"elementor-element elementor-element-a006a73 e-flex e-con-boxed e-con e-parent\" data-id=\"a006a73\" data-element_type=\"container\" data-settings=\"{&quot;background_background&quot;:&quot;classic&quot;}\">\n\t\t\t\t\t<div class=\"e-con-inner\">\n\t\t<div class=\"elementor-element elementor-element-01d6f68 e-con-full e-flex e-con e-child\" data-id=\"01d6f68\" data-element_type=\"container\" data-settings=\"{&quot;background_background&quot;:&quot;classic&quot;}\">\n\t\t\t\t<div class=\"elementor-element elementor-element-362e7c6 elementor-widget elementor-widget-spacer\" data-id=\"362e7c6\" data-element_type=\"widget\" data-widget_type=\"spacer.default\">\n\t\t\t\t<div class=\"elementor-widget-container\">\n\t\t\t\t\t\t\t<div class=\"elementor-spacer\">\n\t\t\t<div class=\"elementor-spacer-inner\"><\/div>\n\t\t<\/div>\n\t\t\t\t\t\t<\/div>\n\t\t\t\t<\/div>\n\t\t\t\t<\/div>\n\t\t<div class=\"elementor-element elementor-element-7099a58 e-con-full e-flex e-con e-child\" data-id=\"7099a58\" data-element_type=\"container\" data-settings=\"{&quot;background_background&quot;:&quot;classic&quot;}\">\n\t\t\t\t<div class=\"elementor-element elementor-element-eacc676 elementor-widget elementor-widget-text-editor\" data-id=\"eacc676\" data-element_type=\"widget\" data-widget_type=\"text-editor.default\">\n\t\t\t\t<div class=\"elementor-widget-container\">\n\t\t\t\t\t\t\t\t\t<h3>Marina Bravo \u2013 Gourmet an Bord<\/h3>\n<p data-start=\"122\" data-end=\"456\">Marina Bravo ist unser zuverl\u00e4ssiger Partner f\u00fcr exklusives Catering an Bord auf Mallorca und spezialisiert sich auf Gourmet-Charcuterie-Boards sowie elegante kulinarische Erlebnisse auf dem Meer. Als perfekte Erg\u00e4nzung zu Luxus-Yachtchartern und Bootsvermietungen bringt Marina Bravo raffinierte Aromen, hochwertige Zutaten und eine stilvolle Pr\u00e4sentation direkt an Bord. <\/p>\n<p data-start=\"458\" data-end=\"776\">Von entspannten Sunset-Cruises bis hin zu ganzt\u00e4gigen Yachtchartern veredeln ihre sorgf\u00e4ltig zusammengestellten Catering-Optionen jedes Erlebnis und verbinden mediterranen Geschmack mit Stil und Liebe zum Detail. Gemeinsam schaffen wir nahtlose und unvergessliche Momente auf dem Wasser, in denen Gastronomie auf den Luxus des Segelns auf Mallorca trifft. <\/p>\n\t\t\t\t\t\t\t\t<\/div>\n\t\t\t\t<\/div>\n\t\t\t\t<div class=\"elementor-element elementor-element-1d67784 elementor-align-left elementor-mobile-align-center elementor-widget elementor-widget-button\" data-id=\"1d67784\" data-element_type=\"widget\" data-widget_type=\"button.default\">\n\t\t\t\t<div class=\"elementor-widget-container\">\n\t\t\t\t\t\t\t\t\t<div class=\"elementor-button-wrapper\">\n\t\t\t\t\t<a class=\"elementor-button elementor-button-link elementor-size-sm\" href=\"https:\/\/wa.me\/34647934667\" target=\"_blank\" rel=\"noopener\">\n\t\t\t\t\t\t<span class=\"elementor-button-content-wrapper\">\n\t\t\t\t\t\t\t\t\t<span class=\"elementor-button-text\">Mehr Infos<\/span>\n\t\t\t\t\t<\/span>\n\t\t\t\t\t<\/a>\n\t\t\t\t<\/div>\n\t\t\t\t\t\t\t\t<\/div>\n\t\t\t\t<\/div>\n\t\t\t\t<\/div>\n\t\t\t\t\t<\/div>\n\t\t\t\t<\/div>\n\t\t<div class=\"elementor-element elementor-element-e84aff3 e-flex e-con-boxed e-con e-parent\" data-id=\"e84aff3\" data-element_type=\"container\">\n\t\t\t\t\t<div class=\"e-con-inner\">\n\t\t\t\t<div class=\"elementor-element elementor-element-50eb5ee elementor-widget elementor-widget-spacer\" data-id=\"50eb5ee\" data-element_type=\"widget\" data-widget_type=\"spacer.default\">\n\t\t\t\t<div class=\"elementor-widget-container\">\n\t\t\t\t\t\t\t<div class=\"elementor-spacer\">\n\t\t\t<div class=\"elementor-spacer-inner\"><\/div>\n\t\t<\/div>\n\t\t\t\t\t\t<\/div>\n\t\t\t\t<\/div>\n\t\t\t\t\t<\/div>\n\t\t\t\t<\/div>\n\t\t<div class=\"elementor-element elementor-element-2a79a62 e-flex e-con-boxed e-con e-parent\" data-id=\"2a79a62\" data-element_type=\"container\" data-settings=\"{&quot;background_background&quot;:&quot;classic&quot;}\">\n\t\t\t\t\t<div class=\"e-con-inner\">\n\t\t<div class=\"elementor-element elementor-element-6bbe596 e-con-full e-flex e-con e-child\" data-id=\"6bbe596\" data-element_type=\"container\">\n\t\t\t\t<div class=\"elementor-element elementor-element-e3d3c44 elementor-widget elementor-widget-text-editor\" data-id=\"e3d3c44\" data-element_type=\"widget\" data-widget_type=\"text-editor.default\">\n\t\t\t\t<div class=\"elementor-widget-container\">\n\t\t\t\t\t\t\t\t\t<h3>Quads Mallorca<\/h3>\n<p data-start=\"139\" data-end=\"558\">Mallorquad ist ein gesch\u00e4tzter Partner, der einzigartige Outdoor-Abenteuererlebnisse auf Mallorca anbietet. Mit Sitz in Santa Ponsa spezialisiert sich das Unternehmen auf gef\u00fchrte Quad-Touren, die Sie abseits der \u00fcblichen Wege zu den spektakul\u00e4rsten Landschaften der Insel f\u00fchren \u2013 von l\u00e4ndlichen Wegen und malerischen Bergstrecken bis hin zu versteckten Str\u00e4nden und beeindruckenden Sonnenunterg\u00e4ngen, stets mit hochwertiger Ausr\u00fcstung und professionellen Guides. <\/p>\n<p data-start=\"560\" data-end=\"964\">Mit mehrsprachigen Angeboten und individuell abgestimmten Touren f\u00fcr Einzelpersonen, Paare, Gruppen und besondere Anl\u00e4sse bietet Mallorquad den Kunden von Mallorca Watersports ein aufregendes Abenteuer an Land und sorgt f\u00fcr abwechslungsreiche Erlebnisse w\u00e4hrend ihres Aufenthalts. Gemeinsam verbinden wir spannende Erlebnisse auf dem Meer mit dynamischer Outdoor-Entdeckung und erm\u00f6glichen es Ihnen, Mallorca sowohl vom Land als auch vom Wasser aus zu erleben. <\/p>\n\t\t\t\t\t\t\t\t<\/div>\n\t\t\t\t<\/div>\n\t\t\t\t<div class=\"elementor-element elementor-element-ddf8ef5 elementor-align-left elementor-mobile-align-center elementor-widget elementor-widget-button\" data-id=\"ddf8ef5\" data-element_type=\"widget\" data-widget_type=\"button.default\">\n\t\t\t\t<div class=\"elementor-widget-container\">\n\t\t\t\t\t\t\t\t\t<div class=\"elementor-button-wrapper\">\n\t\t\t\t\t<a class=\"elementor-button elementor-button-link elementor-size-sm\" href=\"https:\/\/wa.me\/34647934667\" target=\"_blank\" rel=\"noopener\">\n\t\t\t\t\t\t<span class=\"elementor-button-content-wrapper\">\n\t\t\t\t\t\t\t\t\t<span class=\"elementor-button-text\">Mehr Infos<\/span>\n\t\t\t\t\t<\/span>\n\t\t\t\t\t<\/a>\n\t\t\t\t<\/div>\n\t\t\t\t\t\t\t\t<\/div>\n\t\t\t\t<\/div>\n\t\t\t\t<\/div>\n\t\t<div class=\"elementor-element elementor-element-6e07853 e-con-full e-flex e-con e-child\" data-id=\"6e07853\" data-element_type=\"container\" data-settings=\"{&quot;background_background&quot;:&quot;classic&quot;}\">\n\t\t\t\t<div class=\"elementor-element elementor-element-8b66a59 elementor-widget elementor-widget-spacer\" data-id=\"8b66a59\" data-element_type=\"widget\" data-widget_type=\"spacer.default\">\n\t\t\t\t<div class=\"elementor-widget-container\">\n\t\t\t\t\t\t\t<div class=\"elementor-spacer\">\n\t\t\t<div class=\"elementor-spacer-inner\"><\/div>\n\t\t<\/div>\n\t\t\t\t\t\t<\/div>\n\t\t\t\t<\/div>\n\t\t\t\t<\/div>\n\t\t\t\t\t<\/div>\n\t\t\t\t<\/div>\n\t\t<div class=\"elementor-element elementor-element-9376601 e-flex e-con-boxed e-con e-parent\" data-id=\"9376601\" data-element_type=\"container\">\n\t\t\t\t\t<div class=\"e-con-inner\">\n\t\t\t\t<div class=\"elementor-element elementor-element-4c65dda elementor-widget elementor-widget-spacer\" data-id=\"4c65dda\" data-element_type=\"widget\" data-widget_type=\"spacer.default\">\n\t\t\t\t<div class=\"elementor-widget-container\">\n\t\t\t\t\t\t\t<div class=\"elementor-spacer\">\n\t\t\t<div class=\"elementor-spacer-inner\"><\/div>\n\t\t<\/div>\n\t\t\t\t\t\t<\/div>\n\t\t\t\t<\/div>\n\t\t\t\t\t<\/div>\n\t\t\t\t<\/div>\n\t\t\t\t<\/div>\n\t\t","protected":false},"excerpt":{"rendered":"<p>Unsere Partner Bei Mallorca Watersports arbeiten wir mit sorgf\u00e4ltig ausgew\u00e4hlten Partnern zusammen, die unser Engagement f\u00fcr Qualit\u00e4t, Professionalit\u00e4t und au\u00dfergew\u00f6hnliche [&hellip;]<\/p>\n","protected":false},"author":1,"featured_media":0,"parent":0,"menu_order":0,"comment_status":"closed","ping_status":"closed","template":"","meta":{"site-sidebar-layout":"no-sidebar","site-content-layout":"","ast-site-content-layout":"full-width-container","site-content-style":"default","site-sidebar-style":"default","ast-global-header-display":"","ast-banner-title-visibility":"","ast-main-header-display":"","ast-hfb-above-header-display":"","ast-hfb-below-header-display":"","ast-hfb-mobile-header-display":"","site-post-title":"disabled","ast-breadcrumbs-content":"","ast-featured-img":"disabled","footer-sml-layout":"","theme-transparent-header-meta":"","adv-header-id-meta":"","stick-header-meta":"","header-above-stick-meta":"","header-main-stick-meta":"","header-below-stick-meta":"","astra-migrate-meta-layouts":"default","ast-page-background-enabled":"default","ast-page-background-meta":{"desktop":{"background-color":"var(--ast-global-color-4)","background-image":"","background-repeat":"repeat","background-position":"center center","background-size":"auto","background-attachment":"scroll","background-type":"","background-media":"","overlay-type":"","overlay-color":"","overlay-opacity":"","overlay-gradient":""},"tablet":{"background-color":"","background-image":"","background-repeat":"repeat","background-position":"center center","background-size":"auto","background-attachment":"scroll","background-type":"","background-media":"","overlay-type":"","overlay-color":"","overlay-opacity":"","overlay-gradient":""},"mobile":{"background-color":"","background-image":"","background-repeat":"repeat","background-position":"center center","background-size":"auto","background-attachment":"scroll","background-type":"","background-media":"","overlay-type":"","overlay-color":"","overlay-opacity":"","overlay-gradient":""}},"ast-content-background-meta":{"desktop":{"background-color":"var(--ast-global-color-5)","background-image":"","background-repeat":"repeat","background-position":"center center","background-size":"auto","background-attachment":"scroll","background-type":"","background-media":"","overlay-type":"","overlay-color":"","overlay-opacity":"","overlay-gradient":""},"tablet":{"background-color":"var(--ast-global-color-5)","background-image":"","background-repeat":"repeat","background-position":"center center","background-size":"auto","background-attachment":"scroll","background-type":"","background-media":"","overlay-type":"","overlay-color":"","overlay-opacity":"","overlay-gradient":""},"mobile":{"background-color":"var(--ast-global-color-5)","background-image":"","background-repeat":"repeat","background-position":"center center","background-size":"auto","background-attachment":"scroll","background-type":"","background-media":"","overlay-type":"","overlay-color":"","overlay-opacity":"","overlay-gradient":""}},"_joinchat":[],"footnotes":""},"class_list":["post-4496","page","type-page","status-publish","hentry"],"_links":{"self":[{"href":"https:\/\/mallorcawatersports.com\/de\/wp-json\/wp\/v2\/pages\/4496","targetHints":{"allow":["GET"]}}],"collection":[{"href":"https:\/\/mallorcawatersports.com\/de\/wp-json\/wp\/v2\/pages"}],"about":[{"href":"https:\/\/mallorcawatersports.com\/de\/wp-json\/wp\/v2\/types\/page"}],"author":[{"embeddable":true,"href":"https:\/\/mallorcawatersports.com\/de\/wp-json\/wp\/v2\/users\/1"}],"replies":[{"embeddable":true,"href":"https:\/\/mallorcawatersports.com\/de\/wp-json\/wp\/v2\/comments?post=4496"}],"version-history":[{"count":1,"href":"https:\/\/mallorcawatersports.com\/de\/wp-json\/wp\/v2\/pages\/4496\/revisions"}],"predecessor-version":[{"id":4497,"href":"https:\/\/mallorcawatersports.com\/de\/wp-json\/wp\/v2\/pages\/4496\/revisions\/4497"}],"wp:attachment":[{"href":"https:\/\/mallorcawatersports.com\/de\/wp-json\/wp\/v2\/media?parent=4496"}],"curies":[{"name":"wp","href":"https:\/\/api.w.org\/{rel}","templated":true}]}}