{"id":1592,"date":"2025-11-20T06:59:03","date_gmt":"2025-11-20T06:59:03","guid":{"rendered":"https:\/\/mallorcawatersports.com\/nosotros\/"},"modified":"2025-12-18T14:53:34","modified_gmt":"2025-12-18T14:53:34","slug":"nosotros","status":"publish","type":"page","link":"https:\/\/mallorcawatersports.com\/es\/nosotros\/","title":{"rendered":"Nosotros"},"content":{"rendered":"\t\t<div data-elementor-type=\"wp-page\" data-elementor-id=\"1592\" class=\"elementor elementor-1592 elementor-1510\" data-elementor-post-type=\"page\">\n\t\t\t\t<div class=\"elementor-element elementor-element-e269bcb e-con-full e-flex e-con e-parent\" data-id=\"e269bcb\" data-element_type=\"container\" data-settings=\"{&quot;background_background&quot;:&quot;classic&quot;}\">\n\t\t<div class=\"elementor-element elementor-element-b248d07 e-flex e-con-boxed e-con e-child\" data-id=\"b248d07\" data-element_type=\"container\" data-settings=\"{&quot;background_background&quot;:&quot;classic&quot;}\">\n\t\t\t\t\t<div class=\"e-con-inner\">\n\t\t\t\t<div class=\"elementor-element elementor-element-4fe7b7a elementor-hidden-desktop elementor-widget elementor-widget-text-editor\" data-id=\"4fe7b7a\" data-element_type=\"widget\" data-widget_type=\"text-editor.default\">\n\t\t\t\t<div class=\"elementor-widget-container\">\n\t\t\t\t\t\t\t\t\t<p style=\"text-align: center;\"><span style=\"color: #ffffff;\">Nosotros<\/span><\/p>\n\t\t\t\t\t\t\t\t<\/div>\n\t\t\t\t<\/div>\n\t\t\t\t<div class=\"elementor-element elementor-element-2b42bcf elementor-widget elementor-widget-spacer\" data-id=\"2b42bcf\" data-element_type=\"widget\" data-widget_type=\"spacer.default\">\n\t\t\t\t<div class=\"elementor-widget-container\">\n\t\t\t\t\t\t\t<div class=\"elementor-spacer\">\n\t\t\t<div class=\"elementor-spacer-inner\"><\/div>\n\t\t<\/div>\n\t\t\t\t\t\t<\/div>\n\t\t\t\t<\/div>\n\t\t\t\t<div class=\"elementor-element elementor-element-3d3d322 elementor-hidden-tablet elementor-hidden-mobile elementor-widget elementor-widget-text-editor\" data-id=\"3d3d322\" data-element_type=\"widget\" data-widget_type=\"text-editor.default\">\n\t\t\t\t<div class=\"elementor-widget-container\">\n\t\t\t\t\t\t\t\t\t<p style=\"text-align: center;\"><span style=\"color: #ffffff;\">Nosotros<\/span><\/p>\n\t\t\t\t\t\t\t\t<\/div>\n\t\t\t\t<\/div>\n\t\t\t\t\t<\/div>\n\t\t\t\t<\/div>\n\t\t\t\t<\/div>\n\t\t<div class=\"elementor-element elementor-element-ca1980f e-flex e-con-boxed e-con e-parent\" data-id=\"ca1980f\" data-element_type=\"container\">\n\t\t\t\t\t<div class=\"e-con-inner\">\n\t\t\t\t<div class=\"elementor-element elementor-element-b02adcf elementor-widget elementor-widget-text-editor\" data-id=\"b02adcf\" data-element_type=\"widget\" data-widget_type=\"text-editor.default\">\n\t\t\t\t<div class=\"elementor-widget-container\">\n\t\t\t\t\t\t\t\t\t<h1 style=\"text-align: center;\">Deportes de agua en Mallorca<\/h1><p style=\"text-align: center;\">Nosotros en Mallorca Watersports transformamos nuestra pasi\u00f3n por el mar y los deportes acu\u00e1ticos en experiencias acu\u00e1ticas de lujo en Mallorca. Ofrecemos alquileres premium, formaci\u00f3n profesional, servicios oficiales y venta de equipos de alta gama, incluidos eFoil, Seabob, Awake Boards, Sublue y los water toys m\u00e1s innovadores del mercado. Nuestro enfoque se basa en la innovaci\u00f3n, la seguridad y un nivel de servicio exclusivo dise\u00f1ado para un p\u00fablico exigente.<br data-start=\"581\" data-end=\"584\" \/>Trabajamos con marcas l\u00edderes y con un equipo de instructores certificados para ofrecer experiencias excepcionales en el Mediterr\u00e1neo. Si buscas eFoil en Mallorca, Seabob en Mallorca o servicios n\u00e1uticos de primer nivel, estamos aqu\u00ed para ayudarte a disfrutar del mar con estilo, confianza y excelencia.<\/p>\t\t\t\t\t\t\t\t<\/div>\n\t\t\t\t<\/div>\n\t\t\t\t\t<\/div>\n\t\t\t\t<\/div>\n\t\t<div class=\"elementor-element elementor-element-7ee03bf e-flex e-con-boxed e-con e-parent\" data-id=\"7ee03bf\" data-element_type=\"container\" data-settings=\"{&quot;background_background&quot;:&quot;classic&quot;}\">\n\t\t\t\t\t<div class=\"e-con-inner\">\n\t\t<div class=\"elementor-element elementor-element-d9e8396 e-con-full e-flex e-con e-child\" data-id=\"d9e8396\" data-element_type=\"container\">\n\t\t\t\t<div class=\"elementor-element elementor-element-f3a98ca elementor-widget elementor-widget-text-editor\" data-id=\"f3a98ca\" data-element_type=\"widget\" data-widget_type=\"text-editor.default\">\n\t\t\t\t<div class=\"elementor-widget-container\">\n\t\t\t\t\t\t\t\t\t<h2>Nuestra historia<\/h2>\n<p>Somos la empresa de deportes acu\u00e1ticos de mayor crecimiento en Mallorca. Gracias a los m\u00e1s de 10 a\u00f1os de experiencia de nuestro equipo en eFoil, Seabob y water toys premium, hemos logrado posicionarnos como uno de los l\u00edderes del sector en la isla. Nuestro enfoque en calidad, innovaci\u00f3n y servicio exclusivo nos ha permitido destacar r\u00e1pidamente dentro del mercado n\u00e1utico de Mallorca.  <\/p>\n<p>Mallorca Watersports naci\u00f3 de una profunda pasi\u00f3n por el mar, los deportes acu\u00e1ticos premium y el deseo de elevar las <strong data-start=\"316\" data-end=\"358\">experiencias acu\u00e1ticas de lujo en Mallorca<\/strong> a un nuevo nivel. Lo que comenz\u00f3 como un peque\u00f1o proyecto impulsado por el amor al oc\u00e9ano evolucion\u00f3 r\u00e1pidamente hasta convertirse en una empresa de confianza, especializada en <strong data-start=\"491\" data-end=\"544\">eFoil de alta gama, Seabob y experiencias exclusivas con water toys<\/strong> en toda la isla. <\/p>\n\t\t\t\t\t\t\t\t<\/div>\n\t\t\t\t<\/div>\n\t\t\t\t<\/div>\n\t\t<div class=\"elementor-element elementor-element-ace2581 e-con-full e-flex e-con e-child\" data-id=\"ace2581\" data-element_type=\"container\" data-settings=\"{&quot;background_background&quot;:&quot;classic&quot;}\">\n\t\t\t\t<div class=\"elementor-element elementor-element-2799c7b elementor-widget elementor-widget-spacer\" data-id=\"2799c7b\" data-element_type=\"widget\" data-widget_type=\"spacer.default\">\n\t\t\t\t<div class=\"elementor-widget-container\">\n\t\t\t\t\t\t\t<div class=\"elementor-spacer\">\n\t\t\t<div class=\"elementor-spacer-inner\"><\/div>\n\t\t<\/div>\n\t\t\t\t\t\t<\/div>\n\t\t\t\t<\/div>\n\t\t\t\t<\/div>\n\t\t\t\t\t<\/div>\n\t\t\t\t<\/div>\n\t\t<div class=\"elementor-element elementor-element-15c83a2 e-flex e-con-boxed e-con e-parent\" data-id=\"15c83a2\" data-element_type=\"container\">\n\t\t\t\t\t<div class=\"e-con-inner\">\n\t\t\t\t\t<\/div>\n\t\t\t\t<\/div>\n\t\t<div class=\"elementor-element elementor-element-8c23213 e-flex e-con-boxed e-con e-parent\" data-id=\"8c23213\" data-element_type=\"container\" data-settings=\"{&quot;background_background&quot;:&quot;classic&quot;}\">\n\t\t\t\t\t<div class=\"e-con-inner\">\n\t\t<div class=\"elementor-element elementor-element-7b55f98 e-con-full e-flex e-con e-child\" data-id=\"7b55f98\" data-element_type=\"container\" data-settings=\"{&quot;background_background&quot;:&quot;classic&quot;}\">\n\t\t\t\t<div class=\"elementor-element elementor-element-86d870e elementor-widget elementor-widget-spacer\" data-id=\"86d870e\" data-element_type=\"widget\" data-widget_type=\"spacer.default\">\n\t\t\t\t<div class=\"elementor-widget-container\">\n\t\t\t\t\t\t\t<div class=\"elementor-spacer\">\n\t\t\t<div class=\"elementor-spacer-inner\"><\/div>\n\t\t<\/div>\n\t\t\t\t\t\t<\/div>\n\t\t\t\t<\/div>\n\t\t\t\t<\/div>\n\t\t<div class=\"elementor-element elementor-element-68240f2 e-con-full e-flex e-con e-child\" data-id=\"68240f2\" data-element_type=\"container\" data-settings=\"{&quot;background_background&quot;:&quot;classic&quot;}\">\n\t\t\t\t<div class=\"elementor-element elementor-element-651d091 elementor-widget elementor-widget-text-editor\" data-id=\"651d091\" data-element_type=\"widget\" data-widget_type=\"text-editor.default\">\n\t\t\t\t<div class=\"elementor-widget-container\">\n\t\t\t\t\t\t\t\t\t<h2>En que nos enfocamos<\/h2>\n<p data-start=\"191\" data-end=\"439\">Creemos que las experiencias excepcionales comienzan dominando los fundamentos. En Mallorca Watersports, nuestra prioridad es ofrecer un servicio fluido, sin estr\u00e9s y completamente disfrutable, para que cada cliente pueda aprovechar al m\u00e1ximo el mar con nuestros water toys premium y experiencias acu\u00e1ticas de alta calidad en Mallorca. <\/p>\n<p data-start=\"441\" data-end=\"713\">Para nosotros, lo esencial est\u00e1 muy claro:<br \/><br data-start=\"474\" data-end=\"477\"><br data-start=\"528\" data-end=\"531\">\u2022 Puntualidad: estar siempre a tiempo y preparados para cada experiencia.<br data-start=\"615\" data-end=\"618\">\u2022 Comunicaci\u00f3n clara: ofrecer un soporte atento, r\u00e1pido y profesional.<br \/>\u2022 Equipos de alta calidad: trabajar \u00fanicamente con los mejores y m\u00e1s fiables productos del mercado para garantizar experiencias acu\u00e1ticas premium en Mallorca.<\/p>\n<p data-start=\"715\" data-end=\"835\">Al dominar lo esencial de forma excepcional, garantizamos que cada momento en el agua sea memorable, seguro y verdaderamente disfrutable, ofreciendo experiencias acu\u00e1ticas premium en Mallorca que superan las expectativas de nuestros clientes.<\/p>\n\t\t\t\t\t\t\t\t<\/div>\n\t\t\t\t<\/div>\n\t\t\t\t<\/div>\n\t\t\t\t\t<\/div>\n\t\t\t\t<\/div>\n\t\t<div class=\"elementor-element elementor-element-a34bc6e e-flex e-con-boxed e-con e-parent\" data-id=\"a34bc6e\" data-element_type=\"container\">\n\t\t\t\t\t<div class=\"e-con-inner\">\n\t\t\t\t\t<\/div>\n\t\t\t\t<\/div>\n\t\t<div class=\"elementor-element elementor-element-4de0142 e-flex e-con-boxed e-con e-parent\" data-id=\"4de0142\" data-element_type=\"container\" data-settings=\"{&quot;background_background&quot;:&quot;classic&quot;}\">\n\t\t\t\t\t<div class=\"e-con-inner\">\n\t\t<div class=\"elementor-element elementor-element-5cce9fd e-con-full e-flex e-con e-child\" data-id=\"5cce9fd\" data-element_type=\"container\">\n\t\t\t\t<div class=\"elementor-element elementor-element-9d15611 elementor-widget elementor-widget-text-editor\" data-id=\"9d15611\" data-element_type=\"widget\" data-widget_type=\"text-editor.default\">\n\t\t\t\t<div class=\"elementor-widget-container\">\n\t\t\t\t\t\t\t\t\t<h2>Siguientes pasos<\/h2>\n<p data-start=\"186\" data-end=\"545\">Nuestro camino acaba de comenzar. En Mallorca Watersports, estamos comprometidos con llevar nuestra pasi\u00f3n por el mar, la innovaci\u00f3n y los deportes acu\u00e1ticos de alta gama a cada rinc\u00f3n de la isla. A medida que Mallorca contin\u00faa consolid\u00e1ndose como un destino de primer nivel mundial, nuestro objetivo es marcar nuevos est\u00e1ndares en experiencias acu\u00e1ticas de lujo, mejorando, adapt\u00e1ndonos y ampliando constantemente todo lo que ofrecemos.  <\/p>\n<p data-start=\"875\" data-end=\"1026\">Impulsados por la pasi\u00f3n y guiados por la excelencia, estamos entusiasmados con todo lo que viene y orgullosos de seguir dando forma al futuro de los deportes acu\u00e1ticos premium en Mallorca.<\/p>\n\t\t\t\t\t\t\t\t<\/div>\n\t\t\t\t<\/div>\n\t\t\t\t<\/div>\n\t\t<div class=\"elementor-element elementor-element-5ae38b3 e-con-full e-flex e-con e-child\" data-id=\"5ae38b3\" data-element_type=\"container\" data-settings=\"{&quot;background_background&quot;:&quot;classic&quot;}\">\n\t\t\t\t<div class=\"elementor-element elementor-element-436bff0 elementor-widget elementor-widget-spacer\" data-id=\"436bff0\" data-element_type=\"widget\" data-widget_type=\"spacer.default\">\n\t\t\t\t<div class=\"elementor-widget-container\">\n\t\t\t\t\t\t\t<div class=\"elementor-spacer\">\n\t\t\t<div class=\"elementor-spacer-inner\"><\/div>\n\t\t<\/div>\n\t\t\t\t\t\t<\/div>\n\t\t\t\t<\/div>\n\t\t\t\t<\/div>\n\t\t\t\t\t<\/div>\n\t\t\t\t<\/div>\n\t\t<div class=\"elementor-element elementor-element-4ac657d e-flex e-con-boxed e-con e-parent\" data-id=\"4ac657d\" data-element_type=\"container\">\n\t\t\t\t\t<div class=\"e-con-inner\">\n\t\t\t\t\t<\/div>\n\t\t\t\t<\/div>\n\t\t<div class=\"elementor-element elementor-element-36adef5 e-flex e-con-boxed e-con e-parent\" data-id=\"36adef5\" data-element_type=\"container\">\n\t\t\t\t\t<div class=\"e-con-inner\">\n\t\t\t\t<div class=\"elementor-element elementor-element-cd16792 elementor-widget elementor-widget-image\" data-id=\"cd16792\" data-element_type=\"widget\" data-widget_type=\"image.default\">\n\t\t\t\t<div class=\"elementor-widget-container\">\n\t\t\t\t\t\t\t\t\t\t\t\t\t\t\t\t<a href=\"https:\/\/mallorcawatersports.com\/es\/\">\n\t\t\t\t\t\t\t<img decoding=\"async\" src=\"https:\/\/mallorcawatersports.com\/wp-content\/uploads\/2024\/12\/MW-Logo-png-completo-negro-6.png\" title=\"Service\" alt=\"Service\" loading=\"lazy\" \/>\t\t\t\t\t\t\t\t<\/a>\n\t\t\t\t\t\t\t\t\t\t\t\t\t\t\t<\/div>\n\t\t\t\t<\/div>\n\t\t\t\t\t<\/div>\n\t\t\t\t<\/div>\n\t\t<div class=\"elementor-element elementor-element-92a6faa e-flex e-con-boxed e-con e-parent\" data-id=\"92a6faa\" data-element_type=\"container\">\n\t\t\t\t\t<div class=\"e-con-inner\">\n\t\t\t\t\t<\/div>\n\t\t\t\t<\/div>\n\t\t\t\t<\/div>\n\t\t","protected":false},"excerpt":{"rendered":"<p>Nosotros Nosotros Deportes de agua en Mallorca Nosotros en Mallorca Watersports transformamos nuestra pasi\u00f3n por el mar y los deportes [&hellip;]<\/p>\n","protected":false},"author":1,"featured_media":0,"parent":0,"menu_order":0,"comment_status":"closed","ping_status":"closed","template":"","meta":{"site-sidebar-layout":"no-sidebar","site-content-layout":"","ast-site-content-layout":"full-width-container","site-content-style":"default","site-sidebar-style":"default","ast-global-header-display":"","ast-banner-title-visibility":"","ast-main-header-display":"","ast-hfb-above-header-display":"","ast-hfb-below-header-display":"","ast-hfb-mobile-header-display":"","site-post-title":"disabled","ast-breadcrumbs-content":"","ast-featured-img":"disabled","footer-sml-layout":"","theme-transparent-header-meta":"","adv-header-id-meta":"","stick-header-meta":"","header-above-stick-meta":"","header-main-stick-meta":"","header-below-stick-meta":"","astra-migrate-meta-layouts":"default","ast-page-background-enabled":"default","ast-page-background-meta":{"desktop":{"background-color":"var(--ast-global-color-4)","background-image":"","background-repeat":"repeat","background-position":"center center","background-size":"auto","background-attachment":"scroll","background-type":"","background-media":"","overlay-type":"","overlay-color":"","overlay-opacity":"","overlay-gradient":""},"tablet":{"background-color":"","background-image":"","background-repeat":"repeat","background-position":"center center","background-size":"auto","background-attachment":"scroll","background-type":"","background-media":"","overlay-type":"","overlay-color":"","overlay-opacity":"","overlay-gradient":""},"mobile":{"background-color":"","background-image":"","background-repeat":"repeat","background-position":"center center","background-size":"auto","background-attachment":"scroll","background-type":"","background-media":"","overlay-type":"","overlay-color":"","overlay-opacity":"","overlay-gradient":""}},"ast-content-background-meta":{"desktop":{"background-color":"var(--ast-global-color-5)","background-image":"","background-repeat":"repeat","background-position":"center center","background-size":"auto","background-attachment":"scroll","background-type":"","background-media":"","overlay-type":"","overlay-color":"","overlay-opacity":"","overlay-gradient":""},"tablet":{"background-color":"var(--ast-global-color-5)","background-image":"","background-repeat":"repeat","background-position":"center center","background-size":"auto","background-attachment":"scroll","background-type":"","background-media":"","overlay-type":"","overlay-color":"","overlay-opacity":"","overlay-gradient":""},"mobile":{"background-color":"var(--ast-global-color-5)","background-image":"","background-repeat":"repeat","background-position":"center center","background-size":"auto","background-attachment":"scroll","background-type":"","background-media":"","overlay-type":"","overlay-color":"","overlay-opacity":"","overlay-gradient":""}},"_joinchat":[],"footnotes":""},"class_list":["post-1592","page","type-page","status-publish","hentry"],"_links":{"self":[{"href":"https:\/\/mallorcawatersports.com\/es\/wp-json\/wp\/v2\/pages\/1592","targetHints":{"allow":["GET"]}}],"collection":[{"href":"https:\/\/mallorcawatersports.com\/es\/wp-json\/wp\/v2\/pages"}],"about":[{"href":"https:\/\/mallorcawatersports.com\/es\/wp-json\/wp\/v2\/types\/page"}],"author":[{"embeddable":true,"href":"https:\/\/mallorcawatersports.com\/es\/wp-json\/wp\/v2\/users\/1"}],"replies":[{"embeddable":true,"href":"https:\/\/mallorcawatersports.com\/es\/wp-json\/wp\/v2\/comments?post=1592"}],"version-history":[{"count":6,"href":"https:\/\/mallorcawatersports.com\/es\/wp-json\/wp\/v2\/pages\/1592\/revisions"}],"predecessor-version":[{"id":3737,"href":"https:\/\/mallorcawatersports.com\/es\/wp-json\/wp\/v2\/pages\/1592\/revisions\/3737"}],"wp:attachment":[{"href":"https:\/\/mallorcawatersports.com\/es\/wp-json\/wp\/v2\/media?parent=1592"}],"curies":[{"name":"wp","href":"https:\/\/api.w.org\/{rel}","templated":true}]}}