{"id":4498,"date":"2026-02-14T08:21:17","date_gmt":"2026-02-14T08:21:17","guid":{"rendered":"https:\/\/mallorcawatersports.com\/colaboradores\/"},"modified":"2026-02-14T09:19:31","modified_gmt":"2026-02-14T09:19:31","slug":"colaboradores","status":"publish","type":"page","link":"https:\/\/mallorcawatersports.com\/es\/colaboradores\/","title":{"rendered":"Colaboradores"},"content":{"rendered":"\t\t<div data-elementor-type=\"wp-page\" data-elementor-id=\"4498\" class=\"elementor elementor-4498 elementor-4458\" data-elementor-post-type=\"page\">\n\t\t\t\t<div class=\"elementor-element elementor-element-9cb3ed1 e-flex e-con-boxed e-con e-parent\" data-id=\"9cb3ed1\" data-element_type=\"container\" data-settings=\"{&quot;background_background&quot;:&quot;classic&quot;}\">\n\t\t\t\t\t<div class=\"e-con-inner\">\n\t\t\t\t<div class=\"elementor-element elementor-element-b12f1e6 elementor-widget elementor-widget-spacer\" data-id=\"b12f1e6\" data-element_type=\"widget\" data-widget_type=\"spacer.default\">\n\t\t\t\t<div class=\"elementor-widget-container\">\n\t\t\t\t\t\t\t<div class=\"elementor-spacer\">\n\t\t\t<div class=\"elementor-spacer-inner\"><\/div>\n\t\t<\/div>\n\t\t\t\t\t\t<\/div>\n\t\t\t\t<\/div>\n\t\t\t\t<div class=\"elementor-element elementor-element-d8fead8 elementor-widget elementor-widget-text-editor\" data-id=\"d8fead8\" data-element_type=\"widget\" data-widget_type=\"text-editor.default\">\n\t\t\t\t<div class=\"elementor-widget-container\">\n\t\t\t\t\t\t\t\t\t<p style=\"text-align: center;\"><span style=\"color: #ffffff;\">Colaboradores<\/span><\/p>\n\t\t\t\t\t\t\t\t<\/div>\n\t\t\t\t<\/div>\n\t\t\t\t\t<\/div>\n\t\t\t\t<\/div>\n\t\t<div class=\"elementor-element elementor-element-00db29b e-flex e-con-boxed e-con e-parent\" data-id=\"00db29b\" data-element_type=\"container\">\n\t\t\t\t\t<div class=\"e-con-inner\">\n\t\t\t\t<div class=\"elementor-element elementor-element-7ce92f1 elementor-widget elementor-widget-text-editor\" data-id=\"7ce92f1\" data-element_type=\"widget\" data-widget_type=\"text-editor.default\">\n\t\t\t\t<div class=\"elementor-widget-container\">\n\t\t\t\t\t\t\t\t\t<p style=\"text-align: center;\" data-start=\"103\" data-end=\"450\">En Mallorca Watersports trabajamos junto a socios cuidadosamente seleccionados que comparten nuestro compromiso con la calidad, la profesionalidad y experiencias excepcionales para nuestros clientes. Desde alquileres de yates de lujo y catering a bordo hasta aventuras en tierra y servicios premium, nuestros colaboradores nos ayudan a crear momentos totalmente personalizados e inolvidables en Mallorca. <\/p>\n<p style=\"text-align: center;\" data-start=\"452\" data-end=\"552\" data-is-last-node=\"\" data-is-only-node=\"\">Juntos combinamos experiencia e innovaci\u00f3n para ofrecer experiencias integrales tanto en el mar como en tierra.<\/p>\n\t\t\t\t\t\t\t\t<\/div>\n\t\t\t\t<\/div>\n\t\t\t\t\t<\/div>\n\t\t\t\t<\/div>\n\t\t<div class=\"elementor-element elementor-element-e3ad58f e-flex e-con-boxed e-con e-parent\" data-id=\"e3ad58f\" data-element_type=\"container\" data-settings=\"{&quot;background_background&quot;:&quot;classic&quot;}\">\n\t\t\t\t\t<div class=\"e-con-inner\">\n\t\t<div class=\"elementor-element elementor-element-9616a2e e-con-full e-flex e-con e-child\" data-id=\"9616a2e\" data-element_type=\"container\">\n\t\t\t\t<div class=\"elementor-element elementor-element-84b35c2 elementor-widget elementor-widget-text-editor\" data-id=\"84b35c2\" data-element_type=\"widget\" data-widget_type=\"text-editor.default\">\n\t\t\t\t<div class=\"elementor-widget-container\">\n\t\t\t\t\t\t\t\t\t<h3>Mallorca Charter Boats<\/h3>\n<p data-start=\"147\" data-end=\"512\">Mallorca Charter Boats es uno de nuestros colaboradores clave en el sector del alquiler de yates de lujo en Mallorca, ofreciendo una flota cuidadosamente seleccionada de yates a motor premium y embarcaciones exclusivas con base en Palma. Con un fuerte enfoque en la calidad, el servicio y la atenci\u00f3n al detalle, brindan experiencias de charter inolvidables a lo largo de la costa de Mallorca y en todo el archipi\u00e9lago balear. <\/p>\n<p data-start=\"514\" data-end=\"807\">Through our collaboration, we combine high-end yacht charter services with innovative water sports experiences, including eFoils, Seabobs and exclusive onboard add-ons. Together, we create fully personalized days at sea, delivering comfort, adventure and exceptional service to every client. <\/p>\n\t\t\t\t\t\t\t\t<\/div>\n\t\t\t\t<\/div>\n\t\t\t\t<div class=\"elementor-element elementor-element-d79be02 elementor-align-left elementor-mobile-align-center elementor-widget elementor-widget-button\" data-id=\"d79be02\" data-element_type=\"widget\" data-widget_type=\"button.default\">\n\t\t\t\t<div class=\"elementor-widget-container\">\n\t\t\t\t\t\t\t\t\t<div class=\"elementor-button-wrapper\">\n\t\t\t\t\t<a class=\"elementor-button elementor-button-link elementor-size-sm\" href=\"https:\/\/wa.me\/34647934667\" target=\"_blank\" rel=\"noopener\">\n\t\t\t\t\t\t<span class=\"elementor-button-content-wrapper\">\n\t\t\t\t\t\t\t\t\t<span class=\"elementor-button-text\">M\u00e1s informaci\u00f3n<\/span>\n\t\t\t\t\t<\/span>\n\t\t\t\t\t<\/a>\n\t\t\t\t<\/div>\n\t\t\t\t\t\t\t\t<\/div>\n\t\t\t\t<\/div>\n\t\t\t\t<\/div>\n\t\t<div class=\"elementor-element elementor-element-a24dcc9 e-con-full e-flex e-con e-child\" data-id=\"a24dcc9\" data-element_type=\"container\" data-settings=\"{&quot;background_background&quot;:&quot;classic&quot;}\">\n\t\t\t\t<div class=\"elementor-element elementor-element-58221f1 elementor-widget elementor-widget-spacer\" data-id=\"58221f1\" data-element_type=\"widget\" data-widget_type=\"spacer.default\">\n\t\t\t\t<div class=\"elementor-widget-container\">\n\t\t\t\t\t\t\t<div class=\"elementor-spacer\">\n\t\t\t<div class=\"elementor-spacer-inner\"><\/div>\n\t\t<\/div>\n\t\t\t\t\t\t<\/div>\n\t\t\t\t<\/div>\n\t\t\t\t<\/div>\n\t\t\t\t\t<\/div>\n\t\t\t\t<\/div>\n\t\t<div class=\"elementor-element elementor-element-9d80175 e-flex e-con-boxed e-con e-parent\" data-id=\"9d80175\" data-element_type=\"container\">\n\t\t\t\t\t<div class=\"e-con-inner\">\n\t\t\t\t<div class=\"elementor-element elementor-element-aff1dc3 elementor-widget elementor-widget-spacer\" data-id=\"aff1dc3\" data-element_type=\"widget\" data-widget_type=\"spacer.default\">\n\t\t\t\t<div class=\"elementor-widget-container\">\n\t\t\t\t\t\t\t<div class=\"elementor-spacer\">\n\t\t\t<div class=\"elementor-spacer-inner\"><\/div>\n\t\t<\/div>\n\t\t\t\t\t\t<\/div>\n\t\t\t\t<\/div>\n\t\t\t\t\t<\/div>\n\t\t\t\t<\/div>\n\t\t<div class=\"elementor-element elementor-element-a006a73 e-flex e-con-boxed e-con e-parent\" data-id=\"a006a73\" data-element_type=\"container\" data-settings=\"{&quot;background_background&quot;:&quot;classic&quot;}\">\n\t\t\t\t\t<div class=\"e-con-inner\">\n\t\t<div class=\"elementor-element elementor-element-01d6f68 e-con-full e-flex e-con e-child\" data-id=\"01d6f68\" data-element_type=\"container\" data-settings=\"{&quot;background_background&quot;:&quot;classic&quot;}\">\n\t\t\t\t<div class=\"elementor-element elementor-element-362e7c6 elementor-widget elementor-widget-spacer\" data-id=\"362e7c6\" data-element_type=\"widget\" data-widget_type=\"spacer.default\">\n\t\t\t\t<div class=\"elementor-widget-container\">\n\t\t\t\t\t\t\t<div class=\"elementor-spacer\">\n\t\t\t<div class=\"elementor-spacer-inner\"><\/div>\n\t\t<\/div>\n\t\t\t\t\t\t<\/div>\n\t\t\t\t<\/div>\n\t\t\t\t<\/div>\n\t\t<div class=\"elementor-element elementor-element-7099a58 e-con-full e-flex e-con e-child\" data-id=\"7099a58\" data-element_type=\"container\" data-settings=\"{&quot;background_background&quot;:&quot;classic&quot;}\">\n\t\t\t\t<div class=\"elementor-element elementor-element-eacc676 elementor-widget elementor-widget-text-editor\" data-id=\"eacc676\" data-element_type=\"widget\" data-widget_type=\"text-editor.default\">\n\t\t\t\t<div class=\"elementor-widget-container\">\n\t\t\t\t\t\t\t\t\t<h3>Marina Bravo &#8211; Gourmet a bordo<\/h3>\n<p data-start=\"122\" data-end=\"456\">Marina Bravo es nuestro partner de confianza para catering premium a bordo en Mallorca, especializado en tablas gourmet de charcuter\u00eda y experiencias culinarias elegantes en el mar. Dise\u00f1ado para complementar los yates de lujo y el alquiler de embarcaciones, Marina Bravo aporta sabores refinados, ingredientes de alta calidad y una presentaci\u00f3n cuidada directamente a bordo. <\/p>\n<p data-start=\"458\" data-end=\"776\">Desde relajados paseos al atardecer hasta charters de d\u00eda completo, sus opciones de catering cuidadosamente seleccionadas elevan cada experiencia, combinando el sabor mediterr\u00e1neo con estilo y atenci\u00f3n al detalle. Juntos creamos momentos fluidos e inolvidables en el agua, donde la gastronom\u00eda se une al lujo de navegar en Mallorca. <\/p>\n\t\t\t\t\t\t\t\t<\/div>\n\t\t\t\t<\/div>\n\t\t\t\t<div class=\"elementor-element elementor-element-1d67784 elementor-align-left elementor-mobile-align-center elementor-widget elementor-widget-button\" data-id=\"1d67784\" data-element_type=\"widget\" data-widget_type=\"button.default\">\n\t\t\t\t<div class=\"elementor-widget-container\">\n\t\t\t\t\t\t\t\t\t<div class=\"elementor-button-wrapper\">\n\t\t\t\t\t<a class=\"elementor-button elementor-button-link elementor-size-sm\" href=\"https:\/\/wa.me\/34647934667\" target=\"_blank\" rel=\"noopener\">\n\t\t\t\t\t\t<span class=\"elementor-button-content-wrapper\">\n\t\t\t\t\t\t\t\t\t<span class=\"elementor-button-text\">M\u00e1s informaci\u00f3n<\/span>\n\t\t\t\t\t<\/span>\n\t\t\t\t\t<\/a>\n\t\t\t\t<\/div>\n\t\t\t\t\t\t\t\t<\/div>\n\t\t\t\t<\/div>\n\t\t\t\t<\/div>\n\t\t\t\t\t<\/div>\n\t\t\t\t<\/div>\n\t\t<div class=\"elementor-element elementor-element-e84aff3 e-flex e-con-boxed e-con e-parent\" data-id=\"e84aff3\" data-element_type=\"container\">\n\t\t\t\t\t<div class=\"e-con-inner\">\n\t\t\t\t<div class=\"elementor-element elementor-element-50eb5ee elementor-widget elementor-widget-spacer\" data-id=\"50eb5ee\" data-element_type=\"widget\" data-widget_type=\"spacer.default\">\n\t\t\t\t<div class=\"elementor-widget-container\">\n\t\t\t\t\t\t\t<div class=\"elementor-spacer\">\n\t\t\t<div class=\"elementor-spacer-inner\"><\/div>\n\t\t<\/div>\n\t\t\t\t\t\t<\/div>\n\t\t\t\t<\/div>\n\t\t\t\t\t<\/div>\n\t\t\t\t<\/div>\n\t\t<div class=\"elementor-element elementor-element-2a79a62 e-flex e-con-boxed e-con e-parent\" data-id=\"2a79a62\" data-element_type=\"container\" data-settings=\"{&quot;background_background&quot;:&quot;classic&quot;}\">\n\t\t\t\t\t<div class=\"e-con-inner\">\n\t\t<div class=\"elementor-element elementor-element-6bbe596 e-con-full e-flex e-con e-child\" data-id=\"6bbe596\" data-element_type=\"container\">\n\t\t\t\t<div class=\"elementor-element elementor-element-e3d3c44 elementor-widget elementor-widget-text-editor\" data-id=\"e3d3c44\" data-element_type=\"widget\" data-widget_type=\"text-editor.default\">\n\t\t\t\t<div class=\"elementor-widget-container\">\n\t\t\t\t\t\t\t\t\t<h3>Quads Mallorca<\/h3>\n<p data-start=\"139\" data-end=\"558\">Mallorquad es un colaborador de confianza que ofrece experiencias \u00fanicas de aventura al aire libre en Mallorca. Con base en Santa Ponsa, se especializan en excursiones guiadas en quad que te llevan fuera de las rutas habituales para descubrir los paisajes m\u00e1s espectaculares de la isla, desde caminos rurales y rutas de monta\u00f1a con vistas panor\u00e1micas hasta playas escondidas y atardeceres impresionantes, siempre con equipamiento de alta calidad y gu\u00edas profesionales. <\/p>\n<p data-start=\"560\" data-end=\"964\">Con servicios disponibles en varios idiomas y experiencias adaptadas a particulares, parejas, grupos y ocasiones especiales, Mallorquad ofrece una emocionante aventura en tierra para los clientes de Mallorca Watersports que buscan variedad durante su estancia. Juntos conectamos experiencias apasionantes en el mar con una exploraci\u00f3n din\u00e1mica al aire libre, ayud\u00e1ndote a descubrir Mallorca tanto desde tierra como desde el agua. <\/p>\n\t\t\t\t\t\t\t\t<\/div>\n\t\t\t\t<\/div>\n\t\t\t\t<div class=\"elementor-element elementor-element-ddf8ef5 elementor-align-left elementor-mobile-align-center elementor-widget elementor-widget-button\" data-id=\"ddf8ef5\" data-element_type=\"widget\" data-widget_type=\"button.default\">\n\t\t\t\t<div class=\"elementor-widget-container\">\n\t\t\t\t\t\t\t\t\t<div class=\"elementor-button-wrapper\">\n\t\t\t\t\t<a class=\"elementor-button elementor-button-link elementor-size-sm\" href=\"https:\/\/wa.me\/34647934667\" target=\"_blank\" rel=\"noopener\">\n\t\t\t\t\t\t<span class=\"elementor-button-content-wrapper\">\n\t\t\t\t\t\t\t\t\t<span class=\"elementor-button-text\">M\u00e1s informaci\u00f3n<\/span>\n\t\t\t\t\t<\/span>\n\t\t\t\t\t<\/a>\n\t\t\t\t<\/div>\n\t\t\t\t\t\t\t\t<\/div>\n\t\t\t\t<\/div>\n\t\t\t\t<\/div>\n\t\t<div class=\"elementor-element elementor-element-6e07853 e-con-full e-flex e-con e-child\" data-id=\"6e07853\" data-element_type=\"container\" data-settings=\"{&quot;background_background&quot;:&quot;classic&quot;}\">\n\t\t\t\t<div class=\"elementor-element elementor-element-8b66a59 elementor-widget elementor-widget-spacer\" data-id=\"8b66a59\" data-element_type=\"widget\" data-widget_type=\"spacer.default\">\n\t\t\t\t<div class=\"elementor-widget-container\">\n\t\t\t\t\t\t\t<div class=\"elementor-spacer\">\n\t\t\t<div class=\"elementor-spacer-inner\"><\/div>\n\t\t<\/div>\n\t\t\t\t\t\t<\/div>\n\t\t\t\t<\/div>\n\t\t\t\t<\/div>\n\t\t\t\t\t<\/div>\n\t\t\t\t<\/div>\n\t\t<div class=\"elementor-element elementor-element-9376601 e-flex e-con-boxed e-con e-parent\" data-id=\"9376601\" data-element_type=\"container\">\n\t\t\t\t\t<div class=\"e-con-inner\">\n\t\t\t\t<div class=\"elementor-element elementor-element-4c65dda elementor-widget elementor-widget-spacer\" data-id=\"4c65dda\" data-element_type=\"widget\" data-widget_type=\"spacer.default\">\n\t\t\t\t<div class=\"elementor-widget-container\">\n\t\t\t\t\t\t\t<div class=\"elementor-spacer\">\n\t\t\t<div class=\"elementor-spacer-inner\"><\/div>\n\t\t<\/div>\n\t\t\t\t\t\t<\/div>\n\t\t\t\t<\/div>\n\t\t\t\t\t<\/div>\n\t\t\t\t<\/div>\n\t\t\t\t<\/div>\n\t\t","protected":false},"excerpt":{"rendered":"<p>Colaboradores En Mallorca Watersports trabajamos junto a socios cuidadosamente seleccionados que comparten nuestro compromiso con la calidad, la profesionalidad y [&hellip;]<\/p>\n","protected":false},"author":1,"featured_media":0,"parent":0,"menu_order":0,"comment_status":"closed","ping_status":"closed","template":"","meta":{"site-sidebar-layout":"no-sidebar","site-content-layout":"","ast-site-content-layout":"full-width-container","site-content-style":"default","site-sidebar-style":"default","ast-global-header-display":"","ast-banner-title-visibility":"","ast-main-header-display":"","ast-hfb-above-header-display":"","ast-hfb-below-header-display":"","ast-hfb-mobile-header-display":"","site-post-title":"disabled","ast-breadcrumbs-content":"","ast-featured-img":"disabled","footer-sml-layout":"","theme-transparent-header-meta":"","adv-header-id-meta":"","stick-header-meta":"","header-above-stick-meta":"","header-main-stick-meta":"","header-below-stick-meta":"","astra-migrate-meta-layouts":"default","ast-page-background-enabled":"default","ast-page-background-meta":{"desktop":{"background-color":"var(--ast-global-color-4)","background-image":"","background-repeat":"repeat","background-position":"center center","background-size":"auto","background-attachment":"scroll","background-type":"","background-media":"","overlay-type":"","overlay-color":"","overlay-opacity":"","overlay-gradient":""},"tablet":{"background-color":"","background-image":"","background-repeat":"repeat","background-position":"center center","background-size":"auto","background-attachment":"scroll","background-type":"","background-media":"","overlay-type":"","overlay-color":"","overlay-opacity":"","overlay-gradient":""},"mobile":{"background-color":"","background-image":"","background-repeat":"repeat","background-position":"center center","background-size":"auto","background-attachment":"scroll","background-type":"","background-media":"","overlay-type":"","overlay-color":"","overlay-opacity":"","overlay-gradient":""}},"ast-content-background-meta":{"desktop":{"background-color":"var(--ast-global-color-5)","background-image":"","background-repeat":"repeat","background-position":"center center","background-size":"auto","background-attachment":"scroll","background-type":"","background-media":"","overlay-type":"","overlay-color":"","overlay-opacity":"","overlay-gradient":""},"tablet":{"background-color":"var(--ast-global-color-5)","background-image":"","background-repeat":"repeat","background-position":"center center","background-size":"auto","background-attachment":"scroll","background-type":"","background-media":"","overlay-type":"","overlay-color":"","overlay-opacity":"","overlay-gradient":""},"mobile":{"background-color":"var(--ast-global-color-5)","background-image":"","background-repeat":"repeat","background-position":"center center","background-size":"auto","background-attachment":"scroll","background-type":"","background-media":"","overlay-type":"","overlay-color":"","overlay-opacity":"","overlay-gradient":""}},"_joinchat":[],"footnotes":""},"class_list":["post-4498","page","type-page","status-publish","hentry"],"_links":{"self":[{"href":"https:\/\/mallorcawatersports.com\/es\/wp-json\/wp\/v2\/pages\/4498","targetHints":{"allow":["GET"]}}],"collection":[{"href":"https:\/\/mallorcawatersports.com\/es\/wp-json\/wp\/v2\/pages"}],"about":[{"href":"https:\/\/mallorcawatersports.com\/es\/wp-json\/wp\/v2\/types\/page"}],"author":[{"embeddable":true,"href":"https:\/\/mallorcawatersports.com\/es\/wp-json\/wp\/v2\/users\/1"}],"replies":[{"embeddable":true,"href":"https:\/\/mallorcawatersports.com\/es\/wp-json\/wp\/v2\/comments?post=4498"}],"version-history":[{"count":1,"href":"https:\/\/mallorcawatersports.com\/es\/wp-json\/wp\/v2\/pages\/4498\/revisions"}],"predecessor-version":[{"id":4499,"href":"https:\/\/mallorcawatersports.com\/es\/wp-json\/wp\/v2\/pages\/4498\/revisions\/4499"}],"wp:attachment":[{"href":"https:\/\/mallorcawatersports.com\/es\/wp-json\/wp\/v2\/media?parent=4498"}],"curies":[{"name":"wp","href":"https:\/\/api.w.org\/{rel}","templated":true}]}}